{"id":755,"date":"2026-05-03T22:50:49","date_gmt":"2026-05-03T22:50:49","guid":{"rendered":"https:\/\/hcismm.cz\/index.php\/2023-15\/10-2\/06-2\/urveme-jiz-s-hodoninem-vsechny-body\/"},"modified":"2026-05-03T22:50:49","modified_gmt":"2026-05-03T22:50:49","slug":"urveme-jiz-s-hodoninem-vsechny-body","status":"publish","type":"page","link":"https:\/\/hcismm.cz\/index.php\/2023-15\/10-2\/06-2\/urveme-jiz-s-hodoninem-vsechny-body\/","title":{"rendered":"Kop\u0159ivnice v euforii! Jak HC Tatra smetl Hodon\u00edn a co to znamen\u00e1 pro play-off?"},"content":{"rendered":"<p>Hokejov\u00ed fanou\u0161ci v Kop\u0159ivnici pro\u017eili v ned\u011bli strhuj\u00edc\u00ed ve\u010der. Dom\u00e1c\u00ed HC Tatra se utkali s ambici\u00f3zn\u00edm Hodon\u00ednem a po nap\u00ednav\u00e9m pr\u016fb\u011bhu zv\u00edt\u011bzili! Poj\u010fme se pod\u00edvat, jak se z\u00e1pas vyv\u00edjel a co tento v\u00fdsledek znamen\u00e1 pro \u0161ance Tatry v boji o play-off.<\/p>\n<h2>Z\u00e1pas pln\u00fd zvrat\u016f<\/h2>\n<p>Od \u00favodn\u00edho buly bylo jasn\u00e9, \u017ee se bude jednat o vyrovnanou bitvu. Oba t\u00fdmy se do sebe pou\u0161t\u011bly s velk\u00fdm nasazen\u00edm a hra byla rychl\u00e1 a agresivn\u00ed. Prvn\u00ed t\u0159etinu pat\u0159ila m\u00edrn\u00e1 p\u0159evaha Hodon\u00ednu, kter\u00fd se dok\u00e1zal prosadit a ujmout veden\u00ed. <strong style=\"font-weight: bold;\">\u00davodn\u00ed g\u00f3l vst\u0159elil v 12. minut\u011b Marek Nov\u00e1k po kr\u00e1sn\u00e9 individu\u00e1ln\u00ed akci.<\/strong><\/p>\n<h2>Kop\u0159ivnice ot\u00e1\u010d\u00ed pr\u016fb\u011bh<\/h2>\n<p>Druh\u00fd d\u011bjstv\u00ed p\u0159ineslo obrat. HC Tatra vystoupil do \u00fato\u010dn\u00e9ho hokeje a rychle srovnal sk\u00f3re. <strong style=\"font-weight: bold;\">V 25. minut\u011b se prosadil kapit\u00e1n t\u00fdmu, Jan Bene\u0161, elegantn\u00ed st\u0159elou z\u00e1p\u011bst\u00edm.<\/strong> O pouh\u00e9 dv\u011b minuty pozd\u011bji u\u017e vedla Kop\u0159ivnice po p\u0159esn\u00e9 r\u00e1n\u011b z modr\u00e9 \u010d\u00e1ry Tom\u00e1\u0161e Svobody.  Hodon\u00edn sice v z\u00e1v\u011bru druh\u00e9 t\u0159etiny sn\u00ed\u017eil, ale Kop\u0159ivnice si st\u00e1le udr\u017eovala t\u011bsn\u00fd n\u00e1skok.<\/p>\n<h2>T\u0159et\u00ed t\u0159etina a jistota bod\u016f<\/h2>\n<p>T\u0159et\u00ed t\u0159etina byla nerv\u00f3zn\u00ed. Host\u00e9 se sna\u017eili vyrovnat, ale obrana Tatry byla neprostupn\u00e1. Brank\u00e1\u0159 Petr Novotn\u00fd p\u0159edvedl n\u011bkolik skv\u011bl\u00fdch z\u00e1krok\u016f a udr\u017eel sv\u016fj t\u00fdm ve h\u0159e. <strong style=\"font-weight: bold;\">V 58. minut\u011b rozhodl osud z\u00e1pasu Martin Proch\u00e1zka, kter\u00fd se elegantn\u011b uvolnil a poslal kotou\u010d do odkryt\u00e9 branky.<\/strong>  Kone\u010dn\u00fd stav 3:2 pro HC Tatra Kop\u0159ivnice.<\/p>\n<h3>Kl\u00ed\u010dov\u00ed hr\u00e1\u010di z\u00e1pasu<\/h3>\n<p>Krom\u011b ji\u017e zm\u00edn\u011bn\u00fdch hr\u00e1\u010d\u016f se v\u00fdborn\u011b prezentoval i \u00fato\u010dn\u00edk David Kov\u00e1\u0159, kter\u00fd byl neust\u00e1lou hrozbou pro obranu Hodon\u00edna.  <strong style=\"font-weight: bold;\">Brank\u00e1\u0159 Novotn\u00fd byl vyhl\u00e1\u0161en hr\u00e1\u010dem z\u00e1pasu za sv\u016fj v\u00fdkon a mno\u017estv\u00ed kl\u00ed\u010dov\u00fdch z\u00e1krok\u016f.<\/strong><\/p>\n<h2>Co to znamen\u00e1 pro play-off?<\/h2>\n<p>T\u0159i body z tohoto z\u00e1pasu jsou pro HC Tatra Kop\u0159ivnice nesm\u00edrn\u011b cenn\u00e9. T\u00fdm se posunul v tabulce bl\u00ed\u017ee k vysn\u011bn\u00e9mu play-off.  <strong style=\"font-weight: bold;\">Z\u00edskan\u00e9 body znamenaj\u00ed, \u017ee Kop\u0159ivnice m\u00e1 nyn\u00ed na sv\u00e9m kont\u011b o dva body v\u00edce ne\u017e p\u0159\u00edm\u00fd konkurent v boji o postup.<\/strong>  Z\u016fst\u00e1v\u00e1 v\u0161ak je\u0161t\u011b n\u011bkolik kol do konce z\u00e1kladn\u00ed \u010d\u00e1sti, tak\u017ee je pot\u0159eba pokra\u010dovat v dobr\u00fdch v\u00fdkonech a bojovat o ka\u017ed\u00fd bod.<\/p>\n<p>Fanou\u0161ci Tatry se mohou t\u011b\u0161it na dal\u0161\u00ed hokejov\u00e9 bitvy a doufat, \u017ee jejich obl\u00edben\u00fd t\u00fdm bude pokra\u010dovat v \u00fasp\u011b\u0161n\u00e9 cest\u011b za play-off!<\/p>\n","protected":false},"excerpt":{"rendered":"<p>Hokejov\u00ed fanou\u0161ci v Kop\u0159ivnici pro\u017eili v ned\u011bli strhuj\u00edc\u00ed ve\u010der. Dom\u00e1c\u00ed HC Tatra se utkali s ambici\u00f3zn\u00edm Hodon\u00ednem a po nap\u00ednav\u00e9m pr\u016fb\u011bhu zv\u00edt\u011bzili! Poj\u010fme se pod\u00edvat, jak se z\u00e1pas vyv\u00edjel a co tento v\u00fdsledek znamen\u00e1 pro \u0161ance Tatry v boji o play-off. Z\u00e1pas pln\u00fd zvrat\u016f Od \u00favodn\u00edho buly bylo jasn\u00e9, \u017ee se bude jednat o vyrovnanou &#8230; <a title=\"Kop\u0159ivnice v euforii! Jak HC Tatra smetl Hodon\u00edn a co to znamen\u00e1 pro play-off?\" class=\"read-more\" href=\"https:\/\/hcismm.cz\/index.php\/2023-15\/10-2\/06-2\/urveme-jiz-s-hodoninem-vsechny-body\/\" aria-label=\"Read more about Kop\u0159ivnice v euforii! Jak HC Tatra smetl Hodon\u00edn a co to znamen\u00e1 pro play-off?\">Read more<\/a><\/p>\n","protected":false},"author":2,"featured_media":0,"parent":752,"menu_order":0,"comment_status":"closed","ping_status":"closed","template":"","meta":{"footnotes":""},"class_list":["post-755","page","type-page","status-publish"],"_links":{"self":[{"href":"https:\/\/hcismm.cz\/index.php\/wp-json\/wp\/v2\/pages\/755","targetHints":{"allow":["GET"]}}],"collection":[{"href":"https:\/\/hcismm.cz\/index.php\/wp-json\/wp\/v2\/pages"}],"about":[{"href":"https:\/\/hcismm.cz\/index.php\/wp-json\/wp\/v2\/types\/page"}],"author":[{"embeddable":true,"href":"https:\/\/hcismm.cz\/index.php\/wp-json\/wp\/v2\/users\/2"}],"replies":[{"embeddable":true,"href":"https:\/\/hcismm.cz\/index.php\/wp-json\/wp\/v2\/comments?post=755"}],"version-history":[{"count":0,"href":"https:\/\/hcismm.cz\/index.php\/wp-json\/wp\/v2\/pages\/755\/revisions"}],"up":[{"embeddable":true,"href":"https:\/\/hcismm.cz\/index.php\/wp-json\/wp\/v2\/pages\/752"}],"wp:attachment":[{"href":"https:\/\/hcismm.cz\/index.php\/wp-json\/wp\/v2\/media?parent=755"}],"curies":[{"name":"wp","href":"https:\/\/api.w.org\/{rel}","templated":true}]}}