{"id":782,"date":"2026-05-04T22:10:57","date_gmt":"2026-05-04T22:10:57","guid":{"rendered":"https:\/\/hcismm.cz\/index.php\/2023-16\/12-2\/21-2\/"},"modified":"2026-05-04T22:10:57","modified_gmt":"2026-05-04T22:10:57","slug":"21-2","status":"publish","type":"page","link":"https:\/\/hcismm.cz\/index.php\/2023-16\/12-2\/21-2\/","title":{"rendered":"HC Tatra Kop\u0159ivnice v prosinci: V\u00fdhry, posily a pohled do budoucnosti!"},"content":{"rendered":"<p>Prosinec byl pro hokejov\u00fd klub HC Tatra Kop\u0159ivnice pln\u00fd d\u011bn\u00ed. P\u0159in\u00e1\u0161\u00edme v\u00e1m souhrn v\u0161ech d\u016fle\u017eit\u00fdch ud\u00e1lost\u00ed, v\u00fdsledk\u016f a novinek, kter\u00e9 se v uplynul\u00e9m m\u011bs\u00edci odehr\u00e1ly. Od ligov\u00fdch z\u00e1pas\u016f, p\u0159es posily k budouc\u00edm pl\u00e1n\u016fm \u2013 neprop\u00e1sn\u011bte \u017e\u00e1dn\u00e9 novinky!<\/p>\n<h2>V\u00fdsledky a pr\u016fb\u011bh ligy<\/h2>\n<p>Hokejist\u00e9 HC Tatra Kop\u0159ivnice odvedli v prosinci skv\u011blou pr\u00e1ci a zaznamenali \u0159adu cenn\u00fdch bod\u016f. <strong style=\"font-weight: bold;\">Z osmi odehran\u00fdch z\u00e1pas\u016f si p\u0159ipsali p\u011bt v\u00fdher, dv\u011b rem\u00edzy a pouze jednu prohru.<\/strong> T\u00edm si upevnili svou pozici v tabulce a fanou\u0161ci se mohou t\u011b\u0161it na pokra\u010dov\u00e1n\u00ed boj\u016f o play-off.<\/p>\n<p>Kl\u00ed\u010dov\u00fdm z\u00e1pasem prosince bylo bezesporu dom\u00e1c\u00ed v\u00edt\u011bzstv\u00ed nad siln\u00fdm soupe\u0159em z Fr\u00fddku-M\u00edstku. Hr\u00e1\u010di p\u0159edvedli bojovn\u00fd v\u00fdkon a po dramatick\u00e9m pr\u016fb\u011bhu zv\u00edt\u011bzili 4:3.  D\u00e1le se da\u0159ilo i v z\u00e1pasech s t\u00fdmy z Vset\u00edna a Nov\u00e9ho Ji\u010d\u00edna, kde HC Tatra Kop\u0159ivnice prok\u00e1zala svou s\u00edlu a hern\u00ed discipl\u00ednu.<\/p>\n<h3>Nejlep\u0161\u00ed st\u0159elec prosince<\/h3>\n<p>Nejlep\u0161\u00edm st\u0159elcem prosince se stal \u00fato\u010dn\u00edk Jan Nov\u00e1k, kter\u00fd vst\u0159elil <strong style=\"font-weight: bold;\">osm branek a zaznamenal p\u011bt asistenc\u00ed.<\/strong> Jeho v\u00fdkony jsou pro t\u00fdm nesm\u00edrn\u011b cenn\u00e9 a Nov\u00e1k se \u0159ad\u00ed mezi kl\u00ed\u010dov\u00e9 hr\u00e1\u010de HC Tatra Kop\u0159ivnice.<\/p>\n<h2>Posily pro jarn\u00ed \u010d\u00e1st sez\u00f3ny<\/h2>\n<p>Veden\u00ed klubu se rozhodlo pos\u00edlit t\u00fdm p\u0159ed jarn\u00ed \u010d\u00e1st\u00ed sez\u00f3ny. <strong style=\"font-weight: bold;\">Do t\u00fdmu p\u0159ich\u00e1z\u00ed zku\u0161en\u00fd obr\u00e1nce Petr Svoboda z t\u00fdmu z Prost\u011bjova a talentovan\u00fd \u00fato\u010dn\u00edk Tom\u00e1\u0161 Dvo\u0159\u00e1k z ml\u00e1de\u017enick\u00e9 akademie HC Ocel\u00e1\u0159i T\u0159inec.<\/strong> Ob\u011b posily by m\u011bly p\u0159isp\u011bt k v\u011bt\u0161\u00ed stabilit\u011b defenzivy a zv\u00fd\u0161it \u00fato\u010dnou s\u00edlu t\u00fdmu.<\/p>\n<p>\u201eJsme r\u00e1di, \u017ee se n\u00e1m poda\u0159ilo z\u00edskat Petra a Tom\u00e1\u0161e. Oba hr\u00e1\u010di jsou kvalitn\u00ed a v\u011b\u0159\u00edme, \u017ee se rychle zapracuj\u00ed do t\u00fdmu a budou n\u00e1m platn\u00ed,\u201c uvedl tren\u00e9r HC Tatra Kop\u0159ivnice, Josef Kov\u00e1\u0159.<\/p>\n<h2>Pl\u00e1ny do budoucna a podpora fanou\u0161k\u016f<\/h2>\n<p>HC Tatra Kop\u0159ivnice se zam\u011b\u0159uje i na rozvoj ml\u00e1de\u017ee a podporu hokeje v regionu. <strong style=\"font-weight: bold;\">Klub po\u0159\u00e1d\u00e1 pravideln\u00e9 kemp pro mlad\u00e9 hokejisty a spolupracuje s m\u00edstn\u00edmi \u0161kolami.<\/strong> C\u00edlem je vychovat nov\u00e9 talenty a zajistit tak budoucnost klubu.<\/p>\n<p>Klub d\u011bkuje v\u0161em fanou\u0161k\u016fm za obrovskou podporu. <strong style=\"font-weight: bold;\">Bez va\u0161\u00ed energie a nad\u0161en\u00ed bychom nemohli dosahovat takov\u00fdch v\u00fdsledk\u016f.<\/strong> T\u011b\u0161\u00edme se na v\u00e1s i v nov\u00e9m roce a slibujeme, \u017ee se budeme sna\u017eit p\u0159edv\u00e1d\u011bt co nejlep\u0161\u00ed v\u00fdkony!<\/p>\n<p>Sledujte na\u0161e webov\u00e9 str\u00e1nky a soci\u00e1ln\u00ed s\u00edt\u011b, kde najdete dal\u0161\u00ed informace a novinky o HC Tatra Kop\u0159ivnice.<\/p>\n","protected":false},"excerpt":{"rendered":"<p>Prosinec byl pro hokejov\u00fd klub HC Tatra Kop\u0159ivnice pln\u00fd d\u011bn\u00ed. P\u0159in\u00e1\u0161\u00edme v\u00e1m souhrn v\u0161ech d\u016fle\u017eit\u00fdch ud\u00e1lost\u00ed, v\u00fdsledk\u016f a novinek, kter\u00e9 se v uplynul\u00e9m m\u011bs\u00edci odehr\u00e1ly. Od ligov\u00fdch z\u00e1pas\u016f, p\u0159es posily k budouc\u00edm pl\u00e1n\u016fm \u2013 neprop\u00e1sn\u011bte \u017e\u00e1dn\u00e9 novinky! V\u00fdsledky a pr\u016fb\u011bh ligy Hokejist\u00e9 HC Tatra Kop\u0159ivnice odvedli v prosinci skv\u011blou pr\u00e1ci a zaznamenali \u0159adu cenn\u00fdch bod\u016f. &#8230; <a title=\"HC Tatra Kop\u0159ivnice v prosinci: V\u00fdhry, posily a pohled do budoucnosti!\" class=\"read-more\" href=\"https:\/\/hcismm.cz\/index.php\/2023-16\/12-2\/21-2\/\" aria-label=\"Read more about HC Tatra Kop\u0159ivnice v prosinci: V\u00fdhry, posily a pohled do budoucnosti!\">Read more<\/a><\/p>\n","protected":false},"author":2,"featured_media":0,"parent":779,"menu_order":0,"comment_status":"closed","ping_status":"closed","template":"","meta":{"footnotes":""},"class_list":["post-782","page","type-page","status-publish"],"_links":{"self":[{"href":"https:\/\/hcismm.cz\/index.php\/wp-json\/wp\/v2\/pages\/782","targetHints":{"allow":["GET"]}}],"collection":[{"href":"https:\/\/hcismm.cz\/index.php\/wp-json\/wp\/v2\/pages"}],"about":[{"href":"https:\/\/hcismm.cz\/index.php\/wp-json\/wp\/v2\/types\/page"}],"author":[{"embeddable":true,"href":"https:\/\/hcismm.cz\/index.php\/wp-json\/wp\/v2\/users\/2"}],"replies":[{"embeddable":true,"href":"https:\/\/hcismm.cz\/index.php\/wp-json\/wp\/v2\/comments?post=782"}],"version-history":[{"count":0,"href":"https:\/\/hcismm.cz\/index.php\/wp-json\/wp\/v2\/pages\/782\/revisions"}],"up":[{"embeddable":true,"href":"https:\/\/hcismm.cz\/index.php\/wp-json\/wp\/v2\/pages\/779"}],"wp:attachment":[{"href":"https:\/\/hcismm.cz\/index.php\/wp-json\/wp\/v2\/media?parent=782"}],"curies":[{"name":"wp","href":"https:\/\/api.w.org\/{rel}","templated":true}]}}