{"id":791,"date":"2026-05-05T22:01:08","date_gmt":"2026-05-05T22:01:08","guid":{"rendered":"https:\/\/hcismm.cz\/index.php\/2018-22\/10-2\/02-2\/"},"modified":"2026-05-05T22:01:08","modified_gmt":"2026-05-05T22:01:08","slug":"02-2","status":"publish","type":"page","link":"https:\/\/hcismm.cz\/index.php\/2018-22\/10-2\/02-2\/","title":{"rendered":"Bitva v Kop\u0159ivnici: Jak HC Tatra bojoval s [soupe\u0159] 2. \u0159\u00edjna 2018"},"content":{"rendered":"<p>Dne 2. \u0159\u00edjna 2018 se hokejov\u00ed fanou\u0161ci v Kop\u0159ivnici do\u010dkali nap\u00ednav\u00e9ho st\u0159etnut\u00ed. HC Tatra Kop\u0159ivnice se utkal s t\u00fdmem [soupe\u0159] v z\u00e1pase, kter\u00fd nab\u00eddl spoustu emoc\u00ed a dramatick\u00fdch moment\u016f. P\u0159ipome\u0148me si, jak se tento d\u016fle\u017eit\u00fd z\u00e1pas vyv\u00edjel.<\/p>\n<h2>Prvn\u00ed t\u0159etina: Rozjezd a \u00favodn\u00ed branka<\/h2>\n<p>Z\u00e1pas za\u010dal svi\u017en\u011b, oba t\u00fdmy se sna\u017eily prosadit. Hr\u00e1\u010di HC Tatra Kop\u0159ivnice vstoupili do utk\u00e1n\u00ed s odhodl\u00e1n\u00edm a ji\u017e v [minuta] minut\u011b se jim poda\u0159ilo vst\u0159elit \u00favodn\u00ed branku. St\u0159elcem se stal [jm\u00e9no hr\u00e1\u010de].  Tento g\u00f3l nastartoval dom\u00e1c\u00ed celek a nad\u011blal soupe\u0159i starosti.<\/p>\n<h2>Druh\u00e1 t\u0159etina: Soupe\u0159 kontruje<\/h2>\n<p>Druh\u00e1 t\u0159etina p\u0159inesla odpov\u011b\u010f od t\u00fdmu [soupe\u0159].  Tlak host\u016f se stup\u0148oval a v [minuta] minut\u011b se jim poda\u0159ilo vyrovnat stav na 1:1. Branku vst\u0159elil [jm\u00e9no hr\u00e1\u010de soupe\u0159e].  Hra byla vyrovnan\u00e1 a pln\u00e1 osobn\u00edch souboj\u016f.  Oba t\u00fdmy se sna\u017eily z\u00edskat p\u0159evahu, ale brank\u00e1\u0159i p\u0159edv\u00e1d\u011bli skv\u011bl\u00e9 v\u00fdkony.<\/p>\n<h2>T\u0159et\u00ed t\u0159etina: Dramatick\u00fd z\u00e1v\u011br a v\u00edt\u011bzn\u00fd g\u00f3l<\/h2>\n<p>T\u0159et\u00ed t\u0159etina byla pln\u00e1 nap\u011bt\u00ed.  Hr\u00e1\u010di HC Tatra Kop\u0159ivnice se sna\u017eili znovu p\u0159evz\u00edt veden\u00ed, ale t\u00fdm [soupe\u0159] se br\u00e1nil a pokou\u0161el se o proti\u00fatoky.  V [minuta] minut\u011b se poda\u0159ilo [jm\u00e9no hr\u00e1\u010de]  dostat HC Tatra Kop\u0159ivnice do veden\u00ed.  Z\u00e1v\u011bre\u010dn\u00e9 minuty byly dramatick\u00e9, soupe\u0159 se sna\u017eil o vyrovn\u00e1n\u00ed, ale brank\u00e1\u0159 [jm\u00e9no brank\u00e1\u0159e] p\u0159edvedl n\u011bkolik kl\u00ed\u010dov\u00fdch z\u00e1krok\u016f a udr\u017eel veden\u00ed Kop\u0159ivnice.<\/p>\n<h3>Kl\u00ed\u010dov\u00ed hr\u00e1\u010di z\u00e1pasu<\/h3>\n<p>Mezi kl\u00ed\u010dov\u00e9 hr\u00e1\u010de HC Tatra Kop\u0159ivnice pat\u0159ili [jm\u00e9no hr\u00e1\u010de 1] a [jm\u00e9no hr\u00e1\u010de 2], kte\u0159\u00ed se pod\u00edleli na \u00fato\u010dn\u00e9 aktivit\u011b t\u00fdmu.  Na stran\u011b soupe\u0159e se da\u0159ilo [jm\u00e9no hr\u00e1\u010de soupe\u0159e 1].<\/p>\n<h2>Z\u00e1v\u011bre\u010dn\u00e9 shrnut\u00ed<\/h2>\n<p>HC Tatra Kop\u0159ivnice vyhr\u00e1l z\u00e1pas s t\u00fdmem [soupe\u0159] v\u00fdsledkem [v\u00fdsledek].  Z\u00e1pas nab\u00eddl kvalitn\u00ed hokej, nap\u00ednavou atmosf\u00e9ru a potvrdil, \u017ee HC Tatra Kop\u0159ivnice pat\u0159\u00ed mezi siln\u00e9 t\u00fdmy v sout\u011b\u017ei.  Fanou\u0161ci si odnesli z Kop\u0159ivnice skv\u011bl\u00e9 z\u00e1\u017eitky a t\u011b\u0161\u00ed se na dal\u0161\u00ed z\u00e1pasy.<\/p>\n<p><strong>Nezapome\u0148te sledovat ofici\u00e1ln\u00ed str\u00e1nky HC Tatra Kop\u0159ivnice (hcismm.cz) pro dal\u0161\u00ed informace o z\u00e1pasech a novink\u00e1ch z t\u00fdmu!<\/strong><\/p>\n","protected":false},"excerpt":{"rendered":"<p>Dne 2. \u0159\u00edjna 2018 se hokejov\u00ed fanou\u0161ci v Kop\u0159ivnici do\u010dkali nap\u00ednav\u00e9ho st\u0159etnut\u00ed. HC Tatra Kop\u0159ivnice se utkal s t\u00fdmem [soupe\u0159] v z\u00e1pase, kter\u00fd nab\u00eddl spoustu emoc\u00ed a dramatick\u00fdch moment\u016f. P\u0159ipome\u0148me si, jak se tento d\u016fle\u017eit\u00fd z\u00e1pas vyv\u00edjel. Prvn\u00ed t\u0159etina: Rozjezd a \u00favodn\u00ed branka Z\u00e1pas za\u010dal svi\u017en\u011b, oba t\u00fdmy se sna\u017eily prosadit. Hr\u00e1\u010di HC Tatra Kop\u0159ivnice &#8230; <a title=\"Bitva v Kop\u0159ivnici: Jak HC Tatra bojoval s [soupe\u0159] 2. \u0159\u00edjna 2018\" class=\"read-more\" href=\"https:\/\/hcismm.cz\/index.php\/2018-22\/10-2\/02-2\/\" aria-label=\"Read more about Bitva v Kop\u0159ivnici: Jak HC Tatra bojoval s [soupe\u0159] 2. \u0159\u00edjna 2018\">Read more<\/a><\/p>\n","protected":false},"author":2,"featured_media":0,"parent":788,"menu_order":0,"comment_status":"closed","ping_status":"closed","template":"","meta":{"footnotes":""},"class_list":["post-791","page","type-page","status-publish"],"_links":{"self":[{"href":"https:\/\/hcismm.cz\/index.php\/wp-json\/wp\/v2\/pages\/791","targetHints":{"allow":["GET"]}}],"collection":[{"href":"https:\/\/hcismm.cz\/index.php\/wp-json\/wp\/v2\/pages"}],"about":[{"href":"https:\/\/hcismm.cz\/index.php\/wp-json\/wp\/v2\/types\/page"}],"author":[{"embeddable":true,"href":"https:\/\/hcismm.cz\/index.php\/wp-json\/wp\/v2\/users\/2"}],"replies":[{"embeddable":true,"href":"https:\/\/hcismm.cz\/index.php\/wp-json\/wp\/v2\/comments?post=791"}],"version-history":[{"count":0,"href":"https:\/\/hcismm.cz\/index.php\/wp-json\/wp\/v2\/pages\/791\/revisions"}],"up":[{"embeddable":true,"href":"https:\/\/hcismm.cz\/index.php\/wp-json\/wp\/v2\/pages\/788"}],"wp:attachment":[{"href":"https:\/\/hcismm.cz\/index.php\/wp-json\/wp\/v2\/media?parent=791"}],"curies":[{"name":"wp","href":"https:\/\/api.w.org\/{rel}","templated":true}]}}