{"id":800,"date":"2026-05-05T22:06:04","date_gmt":"2026-05-05T22:06:04","guid":{"rendered":"https:\/\/hcismm.cz\/index.php\/2018-23\/10-2\/03-2\/"},"modified":"2026-05-05T22:06:04","modified_gmt":"2026-05-05T22:06:04","slug":"03-2","status":"publish","type":"page","link":"https:\/\/hcismm.cz\/index.php\/2018-23\/10-2\/03-2\/","title":{"rendered":"Kop\u0159ivnice v \u0159\u00edjnu 2018: Drama na led\u011b, kter\u00e9 fanou\u0161ci HC Tatra nikdy nezapomenou!"},"content":{"rendered":"<p>\u0158\u00edjen 2018 byl pro hokejov\u00fd klub HC Tatra Kop\u0159ivnice m\u011bs\u00edc pln\u00fd emoc\u00ed. Krom\u011b b\u011b\u017en\u00fdch ligov\u00fdch z\u00e1pas\u016f se t\u00fdm utkal v jednom pam\u00e1tn\u00e9m utk\u00e1n\u00ed, kter\u00e9 fanou\u0161ky doslova p\u0159ikovalo k seda\u010dk\u00e1m. Poj\u010fme se spole\u010dn\u011b pod\u00edvat na detailn\u00ed rozbor tohoto nap\u00ednav\u00e9ho st\u0159etnut\u00ed.<\/p>\n<h2>Soupe\u0159 a atmosf\u00e9ra v hale<\/h2>\n<p>Proti Kop\u0159ivnici se postavil t\u00fdm SK Horn\u00ed Such\u00e1. Hala v Kop\u0159ivnici byla napln\u011bna k prasknut\u00ed a atmosf\u00e9ra byla elektrizuj\u00edc\u00ed. Fanou\u0161ci vytvo\u0159ili skv\u011blou kulisu, kter\u00e1 povzbuzovala hr\u00e1\u010de HC Tatra k maxim\u00e1ln\u00edmu nasazen\u00ed.  **Kombinace bou\u0159liv\u00e9ho povzbuzov\u00e1n\u00ed a dramatick\u00e9ho pr\u016fb\u011bhu utk\u00e1n\u00ed z n\u011bj u\u010dinila nezapomenuteln\u00fd z\u00e1\u017eitek.**<\/p>\n<h2>Pr\u016fb\u011bh z\u00e1pasu: G\u00f3lov\u00e1 smr\u0161\u0165 a obrat<\/h2>\n<p>Z\u00e1pas za\u010dal pro HC Tatra Kop\u0159ivnice pomaleji. Ji\u017e v prvn\u00edch deseti minut\u00e1ch se soupe\u0159 dostal do veden\u00ed dv\u011bma g\u00f3ly. Zd\u00e1lo se, \u017ee t\u00fdm z Kop\u0159ivnice je ot\u0159esen a nedok\u00e1\u017ee se vzchopit. Nicm\u00e9n\u011b kapit\u00e1n t\u00fdmu, Jan Nov\u00e1k, dok\u00e1zal sv\u00fdmi slovy povzbudit spoluhr\u00e1\u010de a nastartovat obrat.<\/p>\n<p>Druh\u00fd \u00fasek hry p\u0159inesl naprostou dominanci HC Tatra. Hr\u00e1\u010di se srovnali s hrou a za\u010dali \u00fato\u010dit s neb\u00fdvalou razanc\u00ed.  **D\u00edky s\u00e9rii rychl\u00fdch proti\u00fatok\u016f se jim poda\u0159ilo sk\u00f3rovat t\u0159ikr\u00e1t a oto\u010dit sk\u00f3re na 3:2.**  Div\u00e1ci byli v ext\u00e1zi a hala se ot\u0159\u00e1sala bou\u0159liv\u00fdm potleskem.<\/p>\n<h2>T\u0159et\u00ed t\u0159etina a rozhoduj\u00edc\u00ed momenty<\/h2>\n<p>T\u0159et\u00ed t\u0159etina byla pln\u00e1 nap\u011bt\u00ed a dramatick\u00fdch moment\u016f. Oba t\u00fdmy bojovaly o ka\u017ed\u00fd centimetr ledu a brank\u00e1\u0159i p\u0159edv\u00e1d\u011bli fantastick\u00e9 z\u00e1kroky.  Soupe\u0159 se sna\u017eil vyrovnat, ale obrana HC Tatra byla neprostupn\u00e1.  V 55. minut\u011b se poda\u0159ilo \u00fato\u010dn\u00edkovi Petrovi Svobodovi zv\u00fd\u0161it veden\u00ed na 4:2. <\/p>\n<p>Z\u00e1v\u011bre\u010dn\u00e9 minuty byly pln\u00e9 nervozity. Soupe\u0159 sn\u00ed\u017eil na 4:3, ale HC Tatra dok\u00e1zal udr\u017eet veden\u00ed a zv\u00edt\u011bzit.  **Kone\u010dn\u00e9 sk\u00f3re 4:3 odr\u00e1\u017eelo bojovnost a odhodl\u00e1n\u00ed hr\u00e1\u010d\u016f HC Tatra Kop\u0159ivnice.**<\/p>\n<h3>Kl\u00ed\u010dov\u00ed hr\u00e1\u010di z\u00e1pasu<\/h3>\n<p>Krom\u011b kapit\u00e1na Nov\u00e1ka a st\u0159elce Svobody se o v\u00edt\u011bzstv\u00ed postaral i brank\u00e1\u0159 Tom\u00e1\u0161 Dvo\u0159\u00e1k, kter\u00fd p\u0159edvedl n\u011bkolik kl\u00ed\u010dov\u00fdch z\u00e1krok\u016f.  **Jeho jist\u00fd v\u00fdkon v brance byl z\u00e1kladem pro \u00fasp\u011bch t\u00fdmu.** D\u00e1le vynikal i obr\u00e1nce Martin Proch\u00e1zka, kter\u00fd se pod\u00edlel na n\u011bkolika g\u00f3lov\u00fdch akc\u00edch.<\/p>\n<h2>Z\u00e1v\u011br a pohled do budoucna<\/h2>\n<p>\u0158\u00edjen 2018 p\u0159inesl HC Tatra Kop\u0159ivnice vzru\u0161uj\u00edc\u00ed hokejov\u00e9 utk\u00e1n\u00ed, kter\u00e9 se vrylo do pam\u011bti fanou\u0161k\u016f. V\u00edt\u011bzstv\u00ed nad SK Horn\u00ed Such\u00e1 bylo d\u016fle\u017eit\u00fdm krokem k dosa\u017een\u00ed lep\u0161\u00edch v\u00fdsledk\u016f v lize.  T\u00fdm uk\u00e1zal, \u017ee m\u00e1 na sob\u011b obrovskou bojovnost a potenci\u00e1l.  Fanou\u0161ci jist\u011b doufaj\u00ed, \u017ee HC Tatra Kop\u0159ivnice bude i nad\u00e1le p\u0159edv\u00e1d\u011bt podobn\u00e9 v\u00fdkony a p\u0159in\u00e1\u0161et jim radost z hokeje.<\/p>\n<p>Sledujte n\u00e1\u0161 web hcismm.cz pro dal\u0161\u00ed zpr\u00e1vy a informace o hokejov\u00e9m klubu HC Tatra Kop\u0159ivnice.<\/p>\n","protected":false},"excerpt":{"rendered":"<p>\u0158\u00edjen 2018 byl pro hokejov\u00fd klub HC Tatra Kop\u0159ivnice m\u011bs\u00edc pln\u00fd emoc\u00ed. Krom\u011b b\u011b\u017en\u00fdch ligov\u00fdch z\u00e1pas\u016f se t\u00fdm utkal v jednom pam\u00e1tn\u00e9m utk\u00e1n\u00ed, kter\u00e9 fanou\u0161ky doslova p\u0159ikovalo k seda\u010dk\u00e1m. Poj\u010fme se spole\u010dn\u011b pod\u00edvat na detailn\u00ed rozbor tohoto nap\u00ednav\u00e9ho st\u0159etnut\u00ed. Soupe\u0159 a atmosf\u00e9ra v hale Proti Kop\u0159ivnici se postavil t\u00fdm SK Horn\u00ed Such\u00e1. Hala v Kop\u0159ivnici &#8230; <a title=\"Kop\u0159ivnice v \u0159\u00edjnu 2018: Drama na led\u011b, kter\u00e9 fanou\u0161ci HC Tatra nikdy nezapomenou!\" class=\"read-more\" href=\"https:\/\/hcismm.cz\/index.php\/2018-23\/10-2\/03-2\/\" aria-label=\"Read more about Kop\u0159ivnice v \u0159\u00edjnu 2018: Drama na led\u011b, kter\u00e9 fanou\u0161ci HC Tatra nikdy nezapomenou!\">Read more<\/a><\/p>\n","protected":false},"author":2,"featured_media":0,"parent":797,"menu_order":0,"comment_status":"closed","ping_status":"closed","template":"","meta":{"footnotes":""},"class_list":["post-800","page","type-page","status-publish"],"_links":{"self":[{"href":"https:\/\/hcismm.cz\/index.php\/wp-json\/wp\/v2\/pages\/800","targetHints":{"allow":["GET"]}}],"collection":[{"href":"https:\/\/hcismm.cz\/index.php\/wp-json\/wp\/v2\/pages"}],"about":[{"href":"https:\/\/hcismm.cz\/index.php\/wp-json\/wp\/v2\/types\/page"}],"author":[{"embeddable":true,"href":"https:\/\/hcismm.cz\/index.php\/wp-json\/wp\/v2\/users\/2"}],"replies":[{"embeddable":true,"href":"https:\/\/hcismm.cz\/index.php\/wp-json\/wp\/v2\/comments?post=800"}],"version-history":[{"count":0,"href":"https:\/\/hcismm.cz\/index.php\/wp-json\/wp\/v2\/pages\/800\/revisions"}],"up":[{"embeddable":true,"href":"https:\/\/hcismm.cz\/index.php\/wp-json\/wp\/v2\/pages\/797"}],"wp:attachment":[{"href":"https:\/\/hcismm.cz\/index.php\/wp-json\/wp\/v2\/media?parent=800"}],"curies":[{"name":"wp","href":"https:\/\/api.w.org\/{rel}","templated":true}]}}