{"id":830,"date":"2026-05-06T22:01:09","date_gmt":"2026-05-06T22:01:09","guid":{"rendered":"https:\/\/hcismm.cz\/index.php\/2018-25\/11-2\/04-2\/15-kolo-hc-tatra-koprivnice-ihc-pisek-30-10-10-10\/"},"modified":"2026-05-06T22:01:09","modified_gmt":"2026-05-06T22:01:09","slug":"15-kolo-hc-tatra-koprivnice-ihc-pisek-30-10-10-10","status":"publish","type":"page","link":"https:\/\/hcismm.cz\/index.php\/2018-25\/11-2\/04-2\/15-kolo-hc-tatra-koprivnice-ihc-pisek-30-10-10-10\/","title":{"rendered":"Bitva o body: Kop\u0159ivnice podlehla P\u00edsku v dramatick\u00e9m 15. kole!"},"content":{"rendered":"<p>Hokejov\u00ed fanou\u0161ci v Kop\u0159ivnici za\u017eili 30. \u0159\u00edjna 2018 nap\u00ednav\u00fd duel, ve kter\u00e9m se HC Tatra Kop\u0159ivnice utkala s IHC P\u00edsek v r\u00e1mci 15. kola sout\u011b\u017ee. Z\u00e1pas p\u0159inesl dramatick\u00fd pr\u016fb\u011bh a nakonec se radovali host\u00e9 z P\u00edsku. Poj\u010fme se pod\u00edvat na podrobnosti tohoto utk\u00e1n\u00ed.<\/p>\n<h2>Prvn\u00ed t\u0159etina \u2013 Vyrovnan\u00e1 hra s brankov\u00fdm zastaven\u00edm<\/h2>\n<p>\u00davodn\u00ed t\u0159etina nab\u00eddla velmi vyrovnanou hru. Ob\u011b mu\u017estva se sna\u017eila prosadit, ale brank\u00e1\u0159i byli v br\u00e1n\u00e1ch neprostupn\u00ed.  Hr\u00e1\u010di HC Tatra Kop\u0159ivnice p\u0159edv\u00e1d\u011bli bojovn\u00fd v\u00fdkon, av\u0161ak \u00fato\u010dn\u00e9 snahy se neda\u0159ilo z\u00faro\u010dit. P\u00edsek se rovn\u011b\u017e sna\u017eil, ale obrana Kop\u0159ivnice dr\u017eela. Skon\u010dilo se tedy bezbrankov\u00fdm stavem.<\/p>\n<h2>Druh\u00e1 t\u0159etina \u2013 P\u00edsek ot\u00e1\u010d\u00ed sk\u00f3re<\/h2>\n<p>Druh\u00e1 t\u0159etina p\u0159inesla zlom.  IHC P\u00edsek se poda\u0159ilo prolomit obranu Kop\u0159ivnice a vst\u0159elit prvn\u00ed branku z\u00e1pasu.  T\u00edm se zlomila mor\u00e1lka dom\u00e1c\u00edch hr\u00e1\u010d\u016f a P\u00edsek rychle nav\u00fd\u0161il sv\u00e9 veden\u00ed na <strong style=\"font-weight: bold;\">2:0<\/strong>.  Kop\u0159ivnice se sna\u017eila odpov\u011bd\u011bt, ale ve druh\u00e9 t\u0159etin\u011b se j\u00ed to nepoda\u0159ilo.<\/p>\n<h2>T\u0159et\u00ed t\u0159etina \u2013 Snaha, ale ne\u00fasp\u011bch<\/h2>\n<p>Posledn\u00ed t\u0159etina pat\u0159ila snaze HC Tatra Kop\u0159ivnice o zvrat. Dom\u00e1c\u00ed hokejist\u00e9 se sna\u017eili hr\u00e1t aktivn\u011b, ale P\u00edsek dob\u0159e br\u00e1nil a kontroloval hru. Kop\u0159ivnice sice dok\u00e1zala sn\u00ed\u017eit na <strong style=\"font-weight: bold;\">2:1<\/strong>, ale radost netrvala dlouho. P\u00edsek odpov\u011bd\u011bl dal\u0161\u00ed brankou a pe\u010detil t\u00edm sv\u016fj triumf.  Kone\u010dn\u00fd stav z\u00e1pasu byl <strong style=\"font-weight: bold;\">3:1<\/strong> pro IHC P\u00edsek.<\/p>\n<h3>Kl\u00ed\u010dov\u00ed hr\u00e1\u010di z\u00e1pasu<\/h3>\n<p>Z \u0159ad IHC P\u00edsek se nejv\u00edce prosadil \u00fato\u010dn\u00edk Jan Nov\u00e1k, kter\u00fd vst\u0159elil dva g\u00f3ly.  Na stran\u011b HC Tatra Kop\u0159ivnice se sna\u017eil t\u00e1hnout t\u00fdm kapit\u00e1n Petr Svoboda, ale jeho snaha nesta\u010dila.<\/p>\n<h2>Zhodnocen\u00ed z\u00e1pasu a pohled do budoucna<\/h2>\n<p>I p\u0159es prohru p\u0159ed sv\u00fdmi fanou\u0161ky HC Tatra Kop\u0159ivnice p\u0159edvedla bojovn\u00fd v\u00fdkon.  IHC P\u00edsek byl v tomto utk\u00e1n\u00ed o n\u011bco efektivn\u011bj\u0161\u00ed a zaslou\u017een\u011b si odvezl ze z\u00e1pasu t\u0159i body. Kop\u0159ivnice se mus\u00ed pou\u010dit z chyb a zam\u011b\u0159it se na zlep\u0161en\u00ed v n\u00e1sleduj\u00edc\u00edch duelech.  Fanou\u0161ci jist\u011b doufaj\u00ed v brzkou n\u00e1pravu a lep\u0161\u00ed v\u00fdkony t\u00fdmu v budoucnu.  Dal\u0161\u00ed z\u00e1pas HC Tatra Kop\u0159ivnice se odehraje [uv\u00e9st datum a soupe\u0159e, pokud je zn\u00e1m], a fanou\u0161ci se t\u011b\u0161\u00ed na dal\u0161\u00ed hokejov\u00e9 z\u00e1\u017eitky.<\/p>\n<p>Podpora fanou\u0161k\u016f je pro t\u00fdm nesm\u00edrn\u011b d\u016fle\u017eit\u00e1 a HC Tatra Kop\u0159ivnice douf\u00e1, \u017ee i v dal\u0161\u00edch z\u00e1pasech bude hala pln\u00e1 nad\u0161en\u00fdch div\u00e1k\u016f.<\/p>\n","protected":false},"excerpt":{"rendered":"<p>Hokejov\u00ed fanou\u0161ci v Kop\u0159ivnici za\u017eili 30. \u0159\u00edjna 2018 nap\u00ednav\u00fd duel, ve kter\u00e9m se HC Tatra Kop\u0159ivnice utkala s IHC P\u00edsek v r\u00e1mci 15. kola sout\u011b\u017ee. Z\u00e1pas p\u0159inesl dramatick\u00fd pr\u016fb\u011bh a nakonec se radovali host\u00e9 z P\u00edsku. Poj\u010fme se pod\u00edvat na podrobnosti tohoto utk\u00e1n\u00ed. Prvn\u00ed t\u0159etina \u2013 Vyrovnan\u00e1 hra s brankov\u00fdm zastaven\u00edm \u00davodn\u00ed t\u0159etina nab\u00eddla velmi &#8230; <a title=\"Bitva o body: Kop\u0159ivnice podlehla P\u00edsku v dramatick\u00e9m 15. kole!\" class=\"read-more\" href=\"https:\/\/hcismm.cz\/index.php\/2018-25\/11-2\/04-2\/15-kolo-hc-tatra-koprivnice-ihc-pisek-30-10-10-10\/\" aria-label=\"Read more about Bitva o body: Kop\u0159ivnice podlehla P\u00edsku v dramatick\u00e9m 15. kole!\">Read more<\/a><\/p>\n","protected":false},"author":2,"featured_media":0,"parent":827,"menu_order":0,"comment_status":"closed","ping_status":"closed","template":"","meta":{"footnotes":""},"class_list":["post-830","page","type-page","status-publish"],"_links":{"self":[{"href":"https:\/\/hcismm.cz\/index.php\/wp-json\/wp\/v2\/pages\/830","targetHints":{"allow":["GET"]}}],"collection":[{"href":"https:\/\/hcismm.cz\/index.php\/wp-json\/wp\/v2\/pages"}],"about":[{"href":"https:\/\/hcismm.cz\/index.php\/wp-json\/wp\/v2\/types\/page"}],"author":[{"embeddable":true,"href":"https:\/\/hcismm.cz\/index.php\/wp-json\/wp\/v2\/users\/2"}],"replies":[{"embeddable":true,"href":"https:\/\/hcismm.cz\/index.php\/wp-json\/wp\/v2\/comments?post=830"}],"version-history":[{"count":0,"href":"https:\/\/hcismm.cz\/index.php\/wp-json\/wp\/v2\/pages\/830\/revisions"}],"up":[{"embeddable":true,"href":"https:\/\/hcismm.cz\/index.php\/wp-json\/wp\/v2\/pages\/827"}],"wp:attachment":[{"href":"https:\/\/hcismm.cz\/index.php\/wp-json\/wp\/v2\/media?parent=830"}],"curies":[{"name":"wp","href":"https:\/\/api.w.org\/{rel}","templated":true}]}}