{"id":851,"date":"2026-05-06T22:11:07","date_gmt":"2026-05-06T22:11:07","guid":{"rendered":"https:\/\/hcismm.cz\/index.php\/2018-27\/10-2\/05-2\/"},"modified":"2026-05-06T22:11:07","modified_gmt":"2026-05-06T22:11:07","slug":"05-2","status":"publish","type":"page","link":"https:\/\/hcismm.cz\/index.php\/2018-27\/10-2\/05-2\/","title":{"rendered":"HC Tatra Kop\u0159ivnice v akci: Jak se t\u00fdmu da\u0159ilo 5. \u0159\u00edjna 2018?"},"content":{"rendered":"<p>P\u00e1t\u00fd \u0159\u00edjen 2018 byl pro hokejov\u00fd klub HC Tatra Kop\u0159ivnice d\u016fle\u017eit\u00fdm datem. P\u0159in\u00e1\u0161\u00edme v\u00e1m podrobn\u00fd pohled na to, jak se na\u0161emu t\u00fdmu v tento den da\u0159ilo, v\u010detn\u011b v\u00fdsledk\u016f, kl\u00ed\u010dov\u00fdch moment\u016f a zaj\u00edmavost\u00ed ze z\u00e1kulis\u00ed. P\u0159e\u010dt\u011bte si, jak se kop\u0159ivnick\u00fdm hokejist\u016fm vedlo v jejich snaze o v\u00edt\u011bzstv\u00ed!<\/p>\n<h2>Z\u00e1pasov\u00fd den: Atmosf\u00e9ra a o\u010dek\u00e1v\u00e1n\u00ed<\/h2>\n<p>Den z\u00e1pasu byl pln\u00fd nap\u011bt\u00ed a o\u010dek\u00e1v\u00e1n\u00ed. Kop\u0159ivnick\u00e1 hala se postupn\u011b plnila fanou\u0161ky, kte\u0159\u00ed cht\u011bli povzbudit sv\u016fj t\u00fdm k boji. P\u0159ed z\u00e1pasem panovala v \u0161atn\u011b koncentrace a soust\u0159ed\u011bn\u00ed. Hr\u00e1\u010di se p\u0159ipravovali na n\u00e1ro\u010dnou bitvu, v\u011bdomi si d\u016fle\u017eitosti ka\u017ed\u00e9ho bodu v tabulce.<\/p>\n<h2>Pr\u016fb\u011bh z\u00e1pasu a kl\u00ed\u010dov\u00e9 momenty<\/h2>\n<p>Z\u00e1pas se odehr\u00e1val ve vysok\u00e9m tempu a oba t\u00fdmy se sna\u017eily prosadit. \u00davodn\u00ed branku vst\u0159elil soupe\u0159, co\u017e na chv\u00edli zklidnilo jejich \u0159ady. Na\u0161t\u011bst\u00ed v\u0161ak HC Tatra Kop\u0159ivnice rychle odpov\u011bd\u011bla a srovnala stav. Prvn\u00ed t\u0159etina skon\u010dila rem\u00edzou. Druh\u00e1 t\u0159etina p\u0159inesla dramatick\u00fd zvrat. Po n\u011bkolika ne\u00fasp\u011b\u0161n\u00fdch \u00fatoc\u00edch se na\u0161emu t\u00fdmu poda\u0159ilo vst\u0159elit dva g\u00f3ly a z\u00edskat veden\u00ed. T\u0159et\u00ed t\u0159etina byla pln\u00e1 bojovnosti a nap\u011bt\u00ed. Soupe\u0159 se sna\u017eil srovnat, ale kop\u0159ivni\u010dt\u00ed hokejist\u00e9 dr\u017eeli v\u00edt\u011bzstv\u00ed a zv\u00edt\u011bzili s kone\u010dn\u00fdm v\u00fdsledkem 3:1.<\/p>\n<h3>V\u00fdkony hr\u00e1\u010d\u016f<\/h3>\n<p><strong>Brank\u00e1\u0159<\/strong> p\u0159edvedl skv\u011bl\u00fd v\u00fdkon a vychytal \u0159adu nebezpe\u010dn\u00fdch st\u0159el. <strong>Obr\u00e1nci<\/strong> byli spolehliv\u00ed a efektivn\u00ed v defenziv\u011b. <strong>\u00dato\u010dn\u00edci<\/strong> prok\u00e1zali kreativitu a st\u0159eleckou p\u0159esnost. Zvl\u00e1\u0161t\u011b se da\u0159ilo hr\u00e1\u010di X, kter\u00fd vst\u0159elil dva g\u00f3ly a stal se kl\u00ed\u010dov\u00fdm mu\u017eem z\u00e1pasu.<\/p>\n<h2>Zhodnocen\u00ed tren\u00e9ra a vyhl\u00eddky do budoucna<\/h2>\n<p>Tren\u00e9r HC Tatra Kop\u0159ivnice byl s v\u00fdkonem t\u00fdmu spokojen. Vyzdvihl bojovnost hr\u00e1\u010d\u016f a jejich schopnost p\u0159ekon\u00e1vat p\u0159ek\u00e1\u017eky.  Upozornil v\u0161ak, \u017ee je pot\u0159eba se zlep\u0161it v n\u011bkolika oblastech, aby t\u00fdm mohl dos\u00e1hnout je\u0161t\u011b lep\u0161\u00edch v\u00fdsledk\u016f. Budoucnost se jev\u00ed slibn\u011b a fanou\u0161ci se mohou t\u011b\u0161it na dal\u0161\u00ed vzru\u0161uj\u00edc\u00ed hokejov\u00e9 z\u00e1pasy.<\/p>\n<p>Tento z\u00e1pas byl d\u016fkazem toho, \u017ee HC Tatra Kop\u0159ivnice m\u00e1 na \u010dem stav\u011bt a \u017ee se m\u016f\u017ee s \u00fasp\u011bchem utkat s jak\u00fdmkoliv soupe\u0159em. Podpora fanou\u0161k\u016f je pro t\u00fdm nesm\u00edrn\u011b d\u016fle\u017eit\u00e1 a hr\u00e1\u010di se t\u011b\u0161\u00ed na dal\u0161\u00ed setk\u00e1n\u00ed v kop\u0159ivnick\u00e9 hale.<\/p>\n","protected":false},"excerpt":{"rendered":"<p>P\u00e1t\u00fd \u0159\u00edjen 2018 byl pro hokejov\u00fd klub HC Tatra Kop\u0159ivnice d\u016fle\u017eit\u00fdm datem. P\u0159in\u00e1\u0161\u00edme v\u00e1m podrobn\u00fd pohled na to, jak se na\u0161emu t\u00fdmu v tento den da\u0159ilo, v\u010detn\u011b v\u00fdsledk\u016f, kl\u00ed\u010dov\u00fdch moment\u016f a zaj\u00edmavost\u00ed ze z\u00e1kulis\u00ed. P\u0159e\u010dt\u011bte si, jak se kop\u0159ivnick\u00fdm hokejist\u016fm vedlo v jejich snaze o v\u00edt\u011bzstv\u00ed! Z\u00e1pasov\u00fd den: Atmosf\u00e9ra a o\u010dek\u00e1v\u00e1n\u00ed Den z\u00e1pasu byl pln\u00fd &#8230; <a title=\"HC Tatra Kop\u0159ivnice v akci: Jak se t\u00fdmu da\u0159ilo 5. \u0159\u00edjna 2018?\" class=\"read-more\" href=\"https:\/\/hcismm.cz\/index.php\/2018-27\/10-2\/05-2\/\" aria-label=\"Read more about HC Tatra Kop\u0159ivnice v akci: Jak se t\u00fdmu da\u0159ilo 5. \u0159\u00edjna 2018?\">Read more<\/a><\/p>\n","protected":false},"author":2,"featured_media":0,"parent":848,"menu_order":0,"comment_status":"closed","ping_status":"closed","template":"","meta":{"footnotes":""},"class_list":["post-851","page","type-page","status-publish"],"_links":{"self":[{"href":"https:\/\/hcismm.cz\/index.php\/wp-json\/wp\/v2\/pages\/851","targetHints":{"allow":["GET"]}}],"collection":[{"href":"https:\/\/hcismm.cz\/index.php\/wp-json\/wp\/v2\/pages"}],"about":[{"href":"https:\/\/hcismm.cz\/index.php\/wp-json\/wp\/v2\/types\/page"}],"author":[{"embeddable":true,"href":"https:\/\/hcismm.cz\/index.php\/wp-json\/wp\/v2\/users\/2"}],"replies":[{"embeddable":true,"href":"https:\/\/hcismm.cz\/index.php\/wp-json\/wp\/v2\/comments?post=851"}],"version-history":[{"count":0,"href":"https:\/\/hcismm.cz\/index.php\/wp-json\/wp\/v2\/pages\/851\/revisions"}],"up":[{"embeddable":true,"href":"https:\/\/hcismm.cz\/index.php\/wp-json\/wp\/v2\/pages\/848"}],"wp:attachment":[{"href":"https:\/\/hcismm.cz\/index.php\/wp-json\/wp\/v2\/media?parent=851"}],"curies":[{"name":"wp","href":"https:\/\/api.w.org\/{rel}","templated":true}]}}