{"id":875,"date":"2026-05-07T22:11:10","date_gmt":"2026-05-07T22:11:10","guid":{"rendered":"https:\/\/hcismm.cz\/index.php\/2018-28\/10-2\/06-2\/"},"modified":"2026-05-07T22:11:10","modified_gmt":"2026-05-07T22:11:10","slug":"06-2","status":"publish","type":"page","link":"https:\/\/hcismm.cz\/index.php\/2018-28\/10-2\/06-2\/","title":{"rendered":"Drama v Kop\u0159ivnici! Jak HC Tatra bojoval o body 6. \u0159\u00edjna 2018"},"content":{"rendered":"<p>Vzpom\u00edn\u00e1te na nap\u00ednav\u00fd hokejov\u00fd ve\u010der v Kop\u0159ivnici? Dne 6. \u0159\u00edjna 2018 se HC Tatra utkal s ambici\u00f3zn\u00edm soupe\u0159em a fanou\u0161ci za\u017eili strhuj\u00edc\u00ed pod\u00edvanou. Poj\u010fme se spole\u010dn\u011b vr\u00e1tit v \u010dase a p\u0159ipomenout si kl\u00ed\u010dov\u00e9 momenty tohoto z\u00e1pasu.<\/p>\n<h2>\u00davodn\u00ed rozcvi\u010dka a atmosf\u00e9ra v hale<\/h2>\n<p>U\u017e p\u0159ed samotn\u00fdm za\u010d\u00e1tkem z\u00e1pasu panovala v kop\u0159ivnick\u00e9 hale elektrizuj\u00edc\u00ed atmosf\u00e9ra. Fanou\u0161ci se sjeli podpo\u0159it sv\u016fj t\u00fdm a vytvo\u0159ili bou\u0159liv\u00e9 prost\u0159ed\u00ed. Hr\u00e1\u010di HC Tatra, povzbuzov\u00e1ni energi\u00ed z tribun, nastoupili na led s odhodl\u00e1n\u00edm bojovat o ka\u017ed\u00fd bod.  Zah\u0159\u00edvac\u00ed j\u00edzdy nazna\u010dovaly, \u017ee t\u00fdm je pln\u00fd energie a p\u0159ipraven\u00fd na t\u011b\u017ek\u00fd boj.<\/p>\n<h2>Prvn\u00ed t\u0159etina \u2013 rychl\u00fd \u00favod a boj o kontrolu<\/h2>\n<p>Hned v \u00favodn\u00edch minut\u00e1ch se hra p\u0159el\u00edvala ze strany na stranu. Soupe\u0159 se pokusil vyvinout tlak, ale brank\u00e1\u0159 HC Tatra p\u0159edvedl n\u011bkolik skv\u011bl\u00fdch z\u00e1krok\u016f a udr\u017eel \u010dist\u00e9 konto.  Prvn\u00ed g\u00f3l z\u00e1pasu padl v \u0161est\u00e9 minut\u011b, kdy\u017e se po rychl\u00e9 kombinaci prosadil \u00fato\u010dn\u00edk dom\u00e1c\u00edch. <strong style=\"font-weight: bold;\">Tento g\u00f3l nastartoval HC Tatru a dodal jim sebev\u011bdom\u00ed.<\/strong> N\u00e1sledovala s\u00e9rie \u00fatok\u016f, ale oba t\u00fdmy se sna\u017eily kontrolovat hru a minimalizovat riziko.<\/p>\n<h2>Druh\u00e1 t\u0159etina \u2013 vyrovnan\u00e1 hra a d\u016fle\u017eit\u00e9 momenty<\/h2>\n<p>Druh\u00e1 t\u0159etina se nesla ve znamen\u00ed vyrovnan\u00e9 hry. Soupe\u0159 se sna\u017eil srovnat sk\u00f3re a vyvinul intenzivn\u00ed tlak.  Hr\u00e1\u010di HC Tatra se ale br\u00e1nili srdnat\u011b a nedovolili soupe\u0159i se prosadit.  V polovin\u011b t\u0159etiny se poda\u0159ilo soupe\u0159i sn\u00ed\u017eit na 1:2 po chyb\u011b v obran\u011b. <strong style=\"font-weight: bold;\">Tento g\u00f3l probudil HC Tatru k je\u0161t\u011b v\u011bt\u0161\u00edmu \u00fasil\u00ed.<\/strong> V z\u00e1v\u011bru t\u0159etiny se dostal do \u0161ance \u00fato\u010dn\u00edk dom\u00e1c\u00edch, ale jeho st\u0159elu brank\u00e1\u0159 soupe\u0159e s obt\u00ed\u017eemi vyrazil.<\/p>\n<h2>T\u0159et\u00ed t\u0159etina \u2013 drama a\u017e do konce a rozhoduj\u00edc\u00ed g\u00f3l<\/h2>\n<p>T\u0159et\u00ed t\u0159etina byla pln\u00e1 emoc\u00ed a dramatick\u00fdch moment\u016f.  Soupe\u0159 se sna\u017eil vyrovnat, ale hr\u00e1\u010di HC Tatra se br\u00e1nili jako lvi. V 55. minut\u011b se poda\u0159ilo HC Tat\u0159e zv\u00fd\u0161it na 3:1 po pohledn\u00e9 akci. <strong style=\"font-weight: bold;\">T\u00edmto g\u00f3lem se zd\u00e1lo b\u00fdt rozhodnuto.<\/strong> Soupe\u0159 ale nevzdal boj a v posledn\u00edch minut\u00e1ch se pokusil o z\u00e1v\u011bre\u010dn\u00fd tlak.  V posledn\u00ed minut\u011b se jim poda\u0159ilo sn\u00ed\u017eit na 3:2, ale HC Tatra u\u017e v\u00fdsledek udr\u017eel a zv\u00edt\u011bzil.<\/p>\n<h2>Z\u00e1v\u011brem<\/h2>\n<p>Z\u00e1pas HC Tatra Kop\u0159ivnice ze 6. \u0159\u00edjna 2018 byl strhuj\u00edc\u00ed pod\u00edvanou plnou emoc\u00ed a dramatick\u00fdch moment\u016f. Hr\u00e1\u010di HC Tatra p\u0159edvedli bojovn\u00fd v\u00fdkon a zaslou\u017een\u011b zv\u00edt\u011bzili. Tento z\u00e1pas se vryl do pam\u011bti fanou\u0161k\u016f a potvrdil, \u017ee HC Tatra je t\u00fdm s velk\u00fdm potenci\u00e1lem.  V\u011b\u0159\u00edme, \u017ee i nad\u00e1le budou p\u0159edv\u00e1d\u011bt skv\u011bl\u00e9 v\u00fdkony a pot\u011b\u0161it sv\u00e9 fanou\u0161ky. <\/p>\n<p>Pro fanou\u0161ky HC Tatra Kop\u0159ivnice je tento z\u00e1pas d\u016fle\u017eitou vzpom\u00ednkou na siln\u00e9 chv\u00edle a bojovnost t\u00fdmu.  Sledujte n\u00e1\u0161 web pro dal\u0161\u00ed zpr\u00e1vy a informace o HC Tatra Kop\u0159ivnice.<\/p>\n","protected":false},"excerpt":{"rendered":"<p>Vzpom\u00edn\u00e1te na nap\u00ednav\u00fd hokejov\u00fd ve\u010der v Kop\u0159ivnici? Dne 6. \u0159\u00edjna 2018 se HC Tatra utkal s ambici\u00f3zn\u00edm soupe\u0159em a fanou\u0161ci za\u017eili strhuj\u00edc\u00ed pod\u00edvanou. Poj\u010fme se spole\u010dn\u011b vr\u00e1tit v \u010dase a p\u0159ipomenout si kl\u00ed\u010dov\u00e9 momenty tohoto z\u00e1pasu. \u00davodn\u00ed rozcvi\u010dka a atmosf\u00e9ra v hale U\u017e p\u0159ed samotn\u00fdm za\u010d\u00e1tkem z\u00e1pasu panovala v kop\u0159ivnick\u00e9 hale elektrizuj\u00edc\u00ed atmosf\u00e9ra. Fanou\u0161ci se &#8230; <a title=\"Drama v Kop\u0159ivnici! Jak HC Tatra bojoval o body 6. \u0159\u00edjna 2018\" class=\"read-more\" href=\"https:\/\/hcismm.cz\/index.php\/2018-28\/10-2\/06-2\/\" aria-label=\"Read more about Drama v Kop\u0159ivnici! Jak HC Tatra bojoval o body 6. \u0159\u00edjna 2018\">Read more<\/a><\/p>\n","protected":false},"author":2,"featured_media":0,"parent":872,"menu_order":0,"comment_status":"closed","ping_status":"closed","template":"","meta":{"footnotes":""},"class_list":["post-875","page","type-page","status-publish"],"_links":{"self":[{"href":"https:\/\/hcismm.cz\/index.php\/wp-json\/wp\/v2\/pages\/875","targetHints":{"allow":["GET"]}}],"collection":[{"href":"https:\/\/hcismm.cz\/index.php\/wp-json\/wp\/v2\/pages"}],"about":[{"href":"https:\/\/hcismm.cz\/index.php\/wp-json\/wp\/v2\/types\/page"}],"author":[{"embeddable":true,"href":"https:\/\/hcismm.cz\/index.php\/wp-json\/wp\/v2\/users\/2"}],"replies":[{"embeddable":true,"href":"https:\/\/hcismm.cz\/index.php\/wp-json\/wp\/v2\/comments?post=875"}],"version-history":[{"count":0,"href":"https:\/\/hcismm.cz\/index.php\/wp-json\/wp\/v2\/pages\/875\/revisions"}],"up":[{"embeddable":true,"href":"https:\/\/hcismm.cz\/index.php\/wp-json\/wp\/v2\/pages\/872"}],"wp:attachment":[{"href":"https:\/\/hcismm.cz\/index.php\/wp-json\/wp\/v2\/media?parent=875"}],"curies":[{"name":"wp","href":"https:\/\/api.w.org\/{rel}","templated":true}]}}