{"id":905,"date":"2026-05-08T22:01:32","date_gmt":"2026-05-08T22:01:32","guid":{"rendered":"https:\/\/hcismm.cz\/index.php\/2018-30\/12-2\/08-2\/24-kolo-hockey-club-tabor-hc-tatra-koprivnice-15-01-03-11\/"},"modified":"2026-05-08T22:01:32","modified_gmt":"2026-05-08T22:01:32","slug":"24-kolo-hockey-club-tabor-hc-tatra-koprivnice-15-01-03-11","status":"publish","type":"page","link":"https:\/\/hcismm.cz\/index.php\/2018-30\/12-2\/08-2\/24-kolo-hockey-club-tabor-hc-tatra-koprivnice-15-01-03-11\/","title":{"rendered":"T\u00e1bor nedal Kop\u0159ivnici \u0161anci! Jak dopadlo kl\u00ed\u010dov\u00e9 24. kolo?"},"content":{"rendered":"<p>Hokejist\u00e9 HC Tatra Kop\u0159ivnice nenav\u00e1zali na p\u0159edchoz\u00ed solidn\u00ed v\u00fdkony a v 24. kole sout\u011b\u017ee podlehli na sv\u00e9m led\u011b Hockey Clubu T\u00e1bor. Z\u00e1pas byl z pohledu dom\u00e1c\u00edch fanou\u0161k\u016f zkr\u00e1tka smoln\u00fd a p\u0159inesl \u0159adu negativ. Poj\u010fme se pod\u00edvat na podrobn\u011bj\u0161\u00ed rozbor tohoto d\u016fle\u017eit\u00e9ho utk\u00e1n\u00ed.<\/p>\n<h2>Prvn\u00ed t\u0159etina \u2013 Rychl\u00fd \u00fader host\u016f<\/h2>\n<p>U\u017e v \u00favodn\u00edch minut\u00e1ch se uk\u00e1zalo, \u017ee HC T\u00e1bor p\u0159ijel do Kop\u0159ivnice s jasn\u00fdm c\u00edlem \u2013 z\u00edskat body. Host\u00e9 hned v prvn\u00edch minut\u00e1ch zatla\u010dili dom\u00e1c\u00ed t\u00fdm a ve \u010dtvrt\u00e9 minut\u011b se jim poda\u0159ilo sk\u00f3rovat. Branka nastartovala T\u00e1bora a Kop\u0159ivnice se tr\u00e1pila s odpov\u011bd\u00ed.  Hr\u00e1\u010di HC Tatra se sna\u017eili uklidnit hru, ale host\u00e9 byli agresivn\u011bj\u0161\u00ed a l\u00e9pe organizovan\u00ed v obran\u011b.<\/p>\n<h2>Druh\u00e1 t\u0159etina \u2013 Rozhoduj\u00edc\u00ed \u00fanik T\u00e1bora<\/h2>\n<p>Druh\u00e1 t\u0159etina p\u0159inesla je\u0161t\u011b v\u011bt\u0161\u00ed bolest pro kop\u0159ivnick\u00e9 fanou\u0161ky. Hockey Club T\u00e1bor zv\u00fd\u0161il sv\u016fj n\u00e1skok na rozd\u00edl dvou g\u00f3l\u016f a n\u00e1sledn\u011b i na t\u0159i. Dom\u00e1c\u00ed brank\u00e1\u0159 se sna\u017eil dr\u017eet t\u00fdm ve h\u0159e, ale obrana HC Tatra Kop\u0159ivnice byla p\u0159\u00edli\u0161 propustn\u00e1.  Hr\u00e1\u010di HC Tatra se sna\u017eili probojovat do \u00fato\u010dn\u00e9 t\u0159etiny, ale host\u00e9 byli rychlej\u0161\u00ed a efektivn\u011bj\u0161\u00ed v p\u0159esile.<\/p>\n<h2>T\u0159et\u00ed t\u0159etina \u2013 Bezbrankov\u00e9 dohr\u00e1n\u00ed, ale s jasn\u00fdm v\u00fdsledkem<\/h2>\n<p>T\u0159et\u00ed t\u0159etina se nesla ve znamen\u00ed snahy Kop\u0159ivnice o korekci v\u00fdsledku.  I kdy\u017e se jim poda\u0159ilo vyvinout tlak, host\u00e9 se dok\u00e1zali ubr\u00e1nit a udr\u017eet veden\u00ed.  Kop\u0159ivnice vst\u0159elila g\u00f3l, ale ten byl po dlouh\u00e9m zkoum\u00e1n\u00ed videem odm\u00edtnut.  Z\u00e1pas tak skon\u010dil v\u00fdsledkem 1:4 pro Hockey Club T\u00e1bor.<\/p>\n<h3>Kl\u00ed\u010dov\u00e9 momenty z\u00e1pasu<\/h3>\n<ul>\n<li>Rychl\u00fd \u00favod host\u016f a branka v \u00favodn\u00edch minut\u00e1ch<\/li>\n<li>Nefektivita kop\u0159ivnick\u00e9 obrany<\/li>\n<li>Vysok\u00e1 \u00fasp\u011b\u0161nost brank\u00e1\u0159e HC T\u00e1bor<\/li>\n<li>Odmitnut\u00fd g\u00f3l HC Tatra Kop\u0159ivnice ve t\u0159et\u00ed t\u0159etin\u011b<\/li>\n<\/ul>\n<p>Por\u00e1\u017eka s HC T\u00e1bor je pro HC Tatra Kop\u0159ivnice velkou komplikac\u00ed v boji o lep\u0161\u00ed um\u00edst\u011bn\u00ed v tabulce.  T\u00fdm se mus\u00ed rychle oklepat a soust\u0159edit se na nadch\u00e1zej\u00edc\u00ed z\u00e1pasy. **Fanou\u0161ci jist\u011b doufaj\u00ed, \u017ee se kop\u0159ivni\u010dt\u00ed hokejist\u00e9 rychle vr\u00e1t\u00ed do formy a p\u0159edvedou zlep\u0161enou hru.**<\/p>\n<p>Sledujte n\u00e1\u0161 web hcismm.cz pro dal\u0161\u00ed informace o HC Tatra Kop\u0159ivnice, rozhovory s hr\u00e1\u010di a report\u00e1\u017ee ze z\u00e1pas\u016f!<\/p>\n","protected":false},"excerpt":{"rendered":"<p>Hokejist\u00e9 HC Tatra Kop\u0159ivnice nenav\u00e1zali na p\u0159edchoz\u00ed solidn\u00ed v\u00fdkony a v 24. kole sout\u011b\u017ee podlehli na sv\u00e9m led\u011b Hockey Clubu T\u00e1bor. Z\u00e1pas byl z pohledu dom\u00e1c\u00edch fanou\u0161k\u016f zkr\u00e1tka smoln\u00fd a p\u0159inesl \u0159adu negativ. Poj\u010fme se pod\u00edvat na podrobn\u011bj\u0161\u00ed rozbor tohoto d\u016fle\u017eit\u00e9ho utk\u00e1n\u00ed. Prvn\u00ed t\u0159etina \u2013 Rychl\u00fd \u00fader host\u016f U\u017e v \u00favodn\u00edch minut\u00e1ch se uk\u00e1zalo, \u017ee &#8230; <a title=\"T\u00e1bor nedal Kop\u0159ivnici \u0161anci! Jak dopadlo kl\u00ed\u010dov\u00e9 24. kolo?\" class=\"read-more\" href=\"https:\/\/hcismm.cz\/index.php\/2018-30\/12-2\/08-2\/24-kolo-hockey-club-tabor-hc-tatra-koprivnice-15-01-03-11\/\" aria-label=\"Read more about T\u00e1bor nedal Kop\u0159ivnici \u0161anci! Jak dopadlo kl\u00ed\u010dov\u00e9 24. kolo?\">Read more<\/a><\/p>\n","protected":false},"author":2,"featured_media":0,"parent":902,"menu_order":0,"comment_status":"closed","ping_status":"closed","template":"","meta":{"footnotes":""},"class_list":["post-905","page","type-page","status-publish"],"_links":{"self":[{"href":"https:\/\/hcismm.cz\/index.php\/wp-json\/wp\/v2\/pages\/905","targetHints":{"allow":["GET"]}}],"collection":[{"href":"https:\/\/hcismm.cz\/index.php\/wp-json\/wp\/v2\/pages"}],"about":[{"href":"https:\/\/hcismm.cz\/index.php\/wp-json\/wp\/v2\/types\/page"}],"author":[{"embeddable":true,"href":"https:\/\/hcismm.cz\/index.php\/wp-json\/wp\/v2\/users\/2"}],"replies":[{"embeddable":true,"href":"https:\/\/hcismm.cz\/index.php\/wp-json\/wp\/v2\/comments?post=905"}],"version-history":[{"count":0,"href":"https:\/\/hcismm.cz\/index.php\/wp-json\/wp\/v2\/pages\/905\/revisions"}],"up":[{"embeddable":true,"href":"https:\/\/hcismm.cz\/index.php\/wp-json\/wp\/v2\/pages\/902"}],"wp:attachment":[{"href":"https:\/\/hcismm.cz\/index.php\/wp-json\/wp\/v2\/media?parent=905"}],"curies":[{"name":"wp","href":"https:\/\/api.w.org\/{rel}","templated":true}]}}