{"id":917,"date":"2026-05-08T22:06:27","date_gmt":"2026-05-08T22:06:27","guid":{"rendered":"https:\/\/hcismm.cz\/index.php\/2019-10\/12-2\/06-2\/23-kolo-hk-dablove-novy-jicin-hc-ismm-koprivnice-21p-110000-10\/"},"modified":"2026-05-08T22:06:27","modified_gmt":"2026-05-08T22:06:27","slug":"23-kolo-hk-dablove-novy-jicin-hc-ismm-koprivnice-21p-110000-10","status":"publish","type":"page","link":"https:\/\/hcismm.cz\/index.php\/2019-10\/12-2\/06-2\/23-kolo-hk-dablove-novy-jicin-hc-ismm-koprivnice-21p-110000-10\/","title":{"rendered":"Bitva o body! HC ISM Kop\u0159ivnice doma vyzvala Dably Nov\u00fd Ji\u010d\u00edn"},"content":{"rendered":"<p>Hokejist\u00e9 HC ISM Kop\u0159ivnice se v p\u00e1tek 2. \u00fanora utkali doma s ambici\u00f3zn\u00edmi HK Dabli Nov\u00fd Ji\u010d\u00edn v r\u00e1mci 23. kola druh\u00e9 ligy. Z\u00e1pas nab\u00eddl strhuj\u00edc\u00ed hokej a div\u00e1ci v kop\u0159ivnick\u00e9 hale za\u017eili nap\u00ednavou pod\u00edvanou. Poj\u010fme se pod\u00edvat na to, jak se tento d\u016fle\u017eit\u00fd duel vyv\u00edjel.<\/p>\n<h2>Prvn\u00ed t\u0159etina \u2013 Ostr\u00fd za\u010d\u00e1tek a rychl\u00e1 branka<\/h2>\n<p>Z\u00e1pas za\u010dal velmi svi\u017en\u011b. Host\u00e9 z Nov\u00e9ho Ji\u010d\u00edna se hned od \u00favodu sna\u017eili hr\u00e1t aktivn\u011b a vyvinout tlak. Hr\u00e1\u010di HC ISM Kop\u0159ivnice ale dr\u017eeli krok a br\u00e1nili se s nasazen\u00edm. Prvn\u00ed branku utk\u00e1n\u00ed vst\u0159elili ji\u017e v p\u00e1t\u00e9 minut\u011b host\u00e9, \u010d\u00edm\u017e se dostali do veden\u00ed. Dom\u00e1c\u00ed se sice sna\u017eili odpov\u011bd\u011bt, ale \u00fatoky Dab\u016f byly dob\u0159e organizovan\u00e9 a g\u00f3lman Nov\u00e9ho Ji\u010d\u00edna byl pozorn\u00fd. Prvn\u00ed t\u0159etina tak skon\u010dila v\u00fdsledkem 0:1 pro hosty.<\/p>\n<h2>Druh\u00e1 t\u0159etina \u2013 Kop\u0159ivnice vyrovn\u00e1v\u00e1 a ot\u00e1\u010d\u00ed v\u00fdsledek!<\/h2>\n<p>Druh\u00e1 t\u0159etina p\u0159inesla zcela jin\u00fd obraz hry. HC ISM Kop\u0159ivnice nastoupila do t\u0159etiny s odhodl\u00e1n\u00edm a za\u010dala dominovat.  Hr\u00e1\u010di se neb\u00e1li hr\u00e1t dop\u0159edu a vytv\u00e1\u0159eli si \u0161ance. V 18. minut\u011b se kop\u0159ivnick\u00fdm hokejist\u016fm poda\u0159ilo vyrovnat stav utk\u00e1n\u00ed.  A jen o dv\u011b minuty pozd\u011bji se dom\u00e1c\u00ed dostali poprv\u00e9 do veden\u00ed!  Dva rychl\u00e9 g\u00f3ly v kr\u00e1tk\u00e9 dob\u011b povzbudily nejen hr\u00e1\u010de, ale i div\u00e1ky. Druh\u00e1 t\u0159etina tak skon\u010dila 2:1 pro HC ISM Kop\u0159ivnice.<\/p>\n<h2>T\u0159et\u00ed t\u0159etina \u2013 Dramatick\u00fd z\u00e1v\u011br a t\u011bsn\u00e1 v\u00fdhra<\/h2>\n<p>T\u0159et\u00ed t\u0159etina byla pln\u00e1 emoc\u00ed. Host\u00e9 se sna\u017eili za ka\u017edou cenu vyrovnat, ale kop\u0159ivnick\u00e1 obrana byla pevn\u00e1. V 52. minut\u011b se Nov\u00e9mu Ji\u010d\u00ednu poda\u0159ilo sk\u00f3rovat a vyrovnat stav na 2:2.  Z\u00e1pas nabral dramatick\u00fd sp\u00e1d a oba t\u00fdmy se st\u0159\u00eddaly v tlaku.  V 58. minut\u011b se kop\u0159ivnick\u00fdm hokejist\u016fm poda\u0159ilo vst\u0159elit v\u00edt\u011bzn\u00fd g\u00f3l, \u010d\u00edm\u017e se dostali znovu do veden\u00ed. Z\u00e1v\u011bre\u010dn\u00e9 minuty byly pln\u00e9 nap\u011bt\u00ed, ale HC ISM Kop\u0159ivnice udr\u017eela veden\u00ed a zv\u00edt\u011bzila 3:2.<\/p>\n<h2>Kl\u00ed\u010dov\u00ed hr\u00e1\u010di a statistiky z\u00e1pasu<\/h2>\n<p>Mezi kl\u00ed\u010dov\u00e9 hr\u00e1\u010de HC ISM Kop\u0159ivnice pat\u0159ili \u00fato\u010dn\u00edci Jan Nov\u00e1k a Petr Svoboda, kte\u0159\u00ed se pod\u00edleli na v\u011bt\u0161in\u011b \u00fato\u010dn\u00fdch akc\u00ed t\u00fdmu. Brank\u00e1\u0159 Tom\u00e1\u0161 Vesel\u00fd p\u0159edvedl skv\u011bl\u00fd v\u00fdkon a vychytal \u0159adu nebezpe\u010dn\u00fdch st\u0159el.  Podrobn\u011bj\u0161\u00ed statistiky z\u00e1pasu, v\u010detn\u011b po\u010dtu st\u0159el, vylou\u010den\u00ed a dal\u0161\u00edch informac\u00ed, naleznete na ofici\u00e1ln\u00edch str\u00e1nk\u00e1ch klubu.<\/p>\n<p><strong>V\u00fdhra nad siln\u00fdm soupe\u0159em je pro HC ISM Kop\u0159ivnice cenn\u00fdm bodov\u00fdm ziskem a povzbuzen\u00edm do dal\u0161\u00edch z\u00e1pas\u016f.<\/strong><\/p>\n<p>Nezapome\u0148te sledovat n\u00e1\u0161 web hcismm.cz pro dal\u0161\u00ed informace o HC ISM Kop\u0159ivnice a novinky ze sv\u011bta kop\u0159ivnick\u00e9ho hokeje!<\/p>\n","protected":false},"excerpt":{"rendered":"<p>Hokejist\u00e9 HC ISM Kop\u0159ivnice se v p\u00e1tek 2. \u00fanora utkali doma s ambici\u00f3zn\u00edmi HK Dabli Nov\u00fd Ji\u010d\u00edn v r\u00e1mci 23. kola druh\u00e9 ligy. Z\u00e1pas nab\u00eddl strhuj\u00edc\u00ed hokej a div\u00e1ci v kop\u0159ivnick\u00e9 hale za\u017eili nap\u00ednavou pod\u00edvanou. Poj\u010fme se pod\u00edvat na to, jak se tento d\u016fle\u017eit\u00fd duel vyv\u00edjel. Prvn\u00ed t\u0159etina \u2013 Ostr\u00fd za\u010d\u00e1tek a rychl\u00e1 branka Z\u00e1pas &#8230; <a title=\"Bitva o body! HC ISM Kop\u0159ivnice doma vyzvala Dably Nov\u00fd Ji\u010d\u00edn\" class=\"read-more\" href=\"https:\/\/hcismm.cz\/index.php\/2019-10\/12-2\/06-2\/23-kolo-hk-dablove-novy-jicin-hc-ismm-koprivnice-21p-110000-10\/\" aria-label=\"Read more about Bitva o body! HC ISM Kop\u0159ivnice doma vyzvala Dably Nov\u00fd Ji\u010d\u00edn\">Read more<\/a><\/p>\n","protected":false},"author":2,"featured_media":0,"parent":914,"menu_order":0,"comment_status":"closed","ping_status":"closed","template":"","meta":{"footnotes":""},"class_list":["post-917","page","type-page","status-publish"],"_links":{"self":[{"href":"https:\/\/hcismm.cz\/index.php\/wp-json\/wp\/v2\/pages\/917","targetHints":{"allow":["GET"]}}],"collection":[{"href":"https:\/\/hcismm.cz\/index.php\/wp-json\/wp\/v2\/pages"}],"about":[{"href":"https:\/\/hcismm.cz\/index.php\/wp-json\/wp\/v2\/types\/page"}],"author":[{"embeddable":true,"href":"https:\/\/hcismm.cz\/index.php\/wp-json\/wp\/v2\/users\/2"}],"replies":[{"embeddable":true,"href":"https:\/\/hcismm.cz\/index.php\/wp-json\/wp\/v2\/comments?post=917"}],"version-history":[{"count":0,"href":"https:\/\/hcismm.cz\/index.php\/wp-json\/wp\/v2\/pages\/917\/revisions"}],"up":[{"embeddable":true,"href":"https:\/\/hcismm.cz\/index.php\/wp-json\/wp\/v2\/pages\/914"}],"wp:attachment":[{"href":"https:\/\/hcismm.cz\/index.php\/wp-json\/wp\/v2\/media?parent=917"}],"curies":[{"name":"wp","href":"https:\/\/api.w.org\/{rel}","templated":true}]}}