{"id":950,"date":"2026-05-09T22:01:16","date_gmt":"2026-05-09T22:01:16","guid":{"rendered":"https:\/\/hcismm.cz\/index.php\/2020-5\/02-2\/01-2\/37-kolo-hc-slezan-opava-hc-ismm-koprivnice-14-110102\/"},"modified":"2026-05-09T22:01:16","modified_gmt":"2026-05-09T22:01:16","slug":"37-kolo-hc-slezan-opava-hc-ismm-koprivnice-14-110102","status":"publish","type":"page","link":"https:\/\/hcismm.cz\/index.php\/2020-5\/02-2\/01-2\/37-kolo-hc-slezan-opava-hc-ismm-koprivnice-14-110102\/","title":{"rendered":"Bitva o body! HC ISMM Kop\u0159ivnice v Opav\u011b \u2013 jak dopadl kl\u00ed\u010dov\u00fd z\u00e1pas?"},"content":{"rendered":"<p>Hokejov\u00fd klub HC ISMM Kop\u0159ivnice se v r\u00e1mci 37. kola p\u0159edstavil na led\u011b soupe\u0159e, t\u00fdmu HC Slezan Opava. Z\u00e1pas nab\u00eddl nap\u00ednavou pod\u00edvanou plnou emoc\u00ed a bojovn\u00fdch v\u00fdkon\u016f. Pod\u00edvejme se na to, jak se kop\u0159ivnick\u00fdm hokejist\u016fm da\u0159ilo a co p\u0159inesl tento d\u016fle\u017eit\u00fd duel.<\/p>\n<h2>Prvn\u00ed t\u0159etina \u2013 Opatrn\u00fd \u00favod obou t\u00fdm\u016f<\/h2>\n<p>\u00davodn\u00ed t\u0159etina se nesla ve znamen\u00ed opatrn\u00e9 hry. Ob\u011b mu\u017estva se nejprve soust\u0159edila na defenzivu a pe\u010dliv\u011b kontrolovala st\u0159edn\u00ed p\u00e1smo.  Hr\u00e1\u010di HC ISMM Kop\u0159ivnice se sna\u017eili propracovat do \u00fato\u010dn\u00e9 t\u0159etiny, ale opavsk\u00e1 obrana byla dob\u0159e zorganizovan\u00e1. Prvn\u00ed branku vst\u0159elil t\u00fdm HC Slezan Opava po rychl\u00e9m proti\u00fatoku. Kop\u0159ivni\u010dt\u00ed hokejist\u00e9 se pokou\u0161eli odpov\u011bd\u011bt, ale brank\u00e1\u0159 Opavy p\u0159edv\u00e1d\u011bl jist\u00fd v\u00fdkon.<\/p>\n<h2>Druh\u00e1 t\u0159etina \u2013 Kop\u0159ivnice \u00fato\u010d\u00ed!<\/h2>\n<p>Druh\u00e1 t\u0159etina p\u0159inesla v\u00fdrazn\u011bj\u0161\u00ed aktivitu hr\u00e1\u010d\u016f HC ISMM Kop\u0159ivnice.  Tlak se stup\u0148oval a kop\u0159ivni\u010dt\u00ed \u00fato\u010dn\u00edci se dost\u00e1vali do v\u00edce \u0161anc\u00ed. Jejich snaha se vyplatila, kdy\u017e se poda\u0159ilo vyrovnat stav utk\u00e1n\u00ed.  **D\u016fle\u017eit\u00fd g\u00f3l vst\u0159elil [Jm\u00e9no hr\u00e1\u010de] po p\u0159ihr\u00e1vce od [Jm\u00e9no hr\u00e1\u010de].**  Hra se zrychlila a div\u00e1ci mohli sledovat \u0159adu zaj\u00edmav\u00fdch akc\u00ed. Opava se sice sna\u017eila odpov\u011bd\u011bt, ale kop\u0159ivnick\u00e1 obrana odol\u00e1vala.<\/p>\n<h2>T\u0159et\u00ed t\u0159etina \u2013 Drama a\u017e do konce<\/h2>\n<p>Z\u00e1v\u011bre\u010dn\u00e1 t\u0159etina byla pln\u00e1 dramatu. Ob\u011b mu\u017estva se sna\u017eila o rozhoduj\u00edc\u00ed g\u00f3l.  Hr\u00e1\u010di HC Slezan Opava se v p\u0159esilov\u00e9 h\u0159e dostali do slibn\u00e9 \u0161ance, ale brank\u00e1\u0159 HC ISMM Kop\u0159ivnice p\u0159edvedl fantastick\u00fd z\u00e1krok.  N\u00e1sledn\u011b se da\u0159ilo i kop\u0159ivnick\u00fdm hr\u00e1\u010d\u016fm ohrozit branku soupe\u0159e.  Zhruba p\u011bt minut p\u0159ed koncem se Opav\u011b poda\u0159ilo op\u011bt ujmout veden\u00ed.  Kop\u0159ivnice se sna\u017eila o vyrovn\u00e1n\u00ed, ale i p\u0159es velkou snahu nedok\u00e1zala sk\u00f3rovat. Z\u00e1pas tak skon\u010dil v\u00fdsledkem [Sk\u00f3re Opavy] \u2013 [Sk\u00f3re Kop\u0159ivnice].<\/p>\n<h2>Kl\u00ed\u010dov\u00e9 momenty z\u00e1pasu<\/h2>\n<ul>\n<li>Siln\u00fd v\u00fdkon brank\u00e1\u0159e HC Slezan Opava.<\/li>\n<li>Vyrovn\u00e1vac\u00ed g\u00f3l HC ISMM Kop\u0159ivnice ve druh\u00e9 t\u0159etin\u011b.<\/li>\n<li>Rozhoduj\u00edc\u00ed g\u00f3l Opavy v z\u00e1v\u011bru t\u0159et\u00ed t\u0159etiny.<\/li>\n<\/ul>\n<p>I p\u0159es prohru p\u0159edvedli hokejist\u00e9 HC ISMM Kop\u0159ivnice bojovn\u00fd v\u00fdkon.  Nyn\u00ed se t\u00fdm soust\u0159ed\u00ed na p\u0159\u00edpravu na dal\u0161\u00ed z\u00e1pasy a v\u011b\u0159\u00ed, \u017ee se jim poda\u0159\u00ed z\u00edskat d\u016fle\u017eit\u00e9 body do tabulky. Sledujte n\u00e1\u0161 web hcismm.cz pro dal\u0161\u00ed informace a report\u00e1\u017ee z hokejov\u00fdch utk\u00e1n\u00ed HC Tatra Kop\u0159ivnice.<\/p>\n<p><strong>Nezapome\u0148te sledovat na\u0161e soci\u00e1ln\u00ed s\u00edt\u011b a z\u016fsta\u0148te v obraze!<\/strong><\/p>\n","protected":false},"excerpt":{"rendered":"<p>Hokejov\u00fd klub HC ISMM Kop\u0159ivnice se v r\u00e1mci 37. kola p\u0159edstavil na led\u011b soupe\u0159e, t\u00fdmu HC Slezan Opava. Z\u00e1pas nab\u00eddl nap\u00ednavou pod\u00edvanou plnou emoc\u00ed a bojovn\u00fdch v\u00fdkon\u016f. Pod\u00edvejme se na to, jak se kop\u0159ivnick\u00fdm hokejist\u016fm da\u0159ilo a co p\u0159inesl tento d\u016fle\u017eit\u00fd duel. Prvn\u00ed t\u0159etina \u2013 Opatrn\u00fd \u00favod obou t\u00fdm\u016f \u00davodn\u00ed t\u0159etina se nesla ve znamen\u00ed &#8230; <a title=\"Bitva o body! HC ISMM Kop\u0159ivnice v Opav\u011b \u2013 jak dopadl kl\u00ed\u010dov\u00fd z\u00e1pas?\" class=\"read-more\" href=\"https:\/\/hcismm.cz\/index.php\/2020-5\/02-2\/01-2\/37-kolo-hc-slezan-opava-hc-ismm-koprivnice-14-110102\/\" aria-label=\"Read more about Bitva o body! HC ISMM Kop\u0159ivnice v Opav\u011b \u2013 jak dopadl kl\u00ed\u010dov\u00fd z\u00e1pas?\">Read more<\/a><\/p>\n","protected":false},"author":2,"featured_media":0,"parent":947,"menu_order":0,"comment_status":"closed","ping_status":"closed","template":"","meta":{"footnotes":""},"class_list":["post-950","page","type-page","status-publish"],"_links":{"self":[{"href":"https:\/\/hcismm.cz\/index.php\/wp-json\/wp\/v2\/pages\/950","targetHints":{"allow":["GET"]}}],"collection":[{"href":"https:\/\/hcismm.cz\/index.php\/wp-json\/wp\/v2\/pages"}],"about":[{"href":"https:\/\/hcismm.cz\/index.php\/wp-json\/wp\/v2\/types\/page"}],"author":[{"embeddable":true,"href":"https:\/\/hcismm.cz\/index.php\/wp-json\/wp\/v2\/users\/2"}],"replies":[{"embeddable":true,"href":"https:\/\/hcismm.cz\/index.php\/wp-json\/wp\/v2\/comments?post=950"}],"version-history":[{"count":0,"href":"https:\/\/hcismm.cz\/index.php\/wp-json\/wp\/v2\/pages\/950\/revisions"}],"up":[{"embeddable":true,"href":"https:\/\/hcismm.cz\/index.php\/wp-json\/wp\/v2\/pages\/947"}],"wp:attachment":[{"href":"https:\/\/hcismm.cz\/index.php\/wp-json\/wp\/v2\/media?parent=950"}],"curies":[{"name":"wp","href":"https:\/\/api.w.org\/{rel}","templated":true}]}}