{"id":959,"date":"2026-05-09T22:06:16","date_gmt":"2026-05-09T22:06:16","guid":{"rendered":"https:\/\/hcismm.cz\/index.php\/2018-31\/10-2\/12-2\/"},"modified":"2026-05-09T22:06:16","modified_gmt":"2026-05-09T22:06:16","slug":"12-2","status":"publish","type":"page","link":"https:\/\/hcismm.cz\/index.php\/2018-31\/10-2\/12-2\/","title":{"rendered":"Bitva o body! Jak HC Tatra Kop\u0159ivnice bojovala v \u0159\u00edjnu 2018"},"content":{"rendered":"<p>\u0158\u00edjen 2018 byl pro hokejov\u00fd klub HC Tatra Kop\u0159ivnice nabit\u00fd z\u00e1pasy a emocemi. Poj\u010fme se spole\u010dn\u011b pod\u00edvat na to, jak se t\u00fdmu da\u0159ilo v tomto kl\u00ed\u010dov\u00e9m m\u011bs\u00edci sez\u00f3ny a co p\u0159inesly jednotliv\u00e9 duely.<\/p>\n<h2>\u0158\u00edjen v rychl\u00e9m sledu: P\u0159ehled z\u00e1pas\u016f<\/h2>\n<p>Hokejist\u00e9 HC Tatra Kop\u0159ivnice se v \u0159\u00edjnu 2018 postavili n\u011bkolika n\u00e1ro\u010dn\u00fdm soupe\u0159\u016fm. C\u00edlem bylo nejen sb\u00edrat body, ale tak\u00e9 nal\u00e9zt spr\u00e1vnou hern\u00ed formu pro nadch\u00e1zej\u00edc\u00ed \u010d\u00e1st sez\u00f3ny. T\u00fdm se sna\u017eil kombinovat zku\u0161enosti veter\u00e1n\u016f s energi\u00ed mlad\u00fdch talent\u016f.<\/p>\n<h3>Z\u00e1pas proti IHC Kometa Brno (6. \u0159\u00edjna 2018)<\/h3>\n<p>\u00davodn\u00ed z\u00e1pas v \u0159\u00edjnu proti siln\u00e9mu soupe\u0159i z Brna byl tvrd\u00fd a vyrovnan\u00fd. Kop\u0159ivni\u010dt\u00ed hokejist\u00e9 se sna\u017eili dr\u017eet krok s favoritem, ale nakonec podlehli soupe\u0159i pom\u011brem <strong style=\"font-weight: bold;\">3:1<\/strong>. P\u0159esto t\u00fdm uk\u00e1zal bojovnost a odhodl\u00e1n\u00ed.<\/p>\n<h3>Dom\u00e1c\u00ed duel s HC Fr\u00fddek-M\u00edstek (13. \u0159\u00edjna 2018)<\/h3>\n<p>Dom\u00e1c\u00ed publikum hnalo kop\u0159ivnick\u00e9 hokejisty dop\u0159edu v z\u00e1pase proti HC Fr\u00fddek-M\u00edstek. Z\u00e1pas byl pln\u00fd zvrat\u016f a dramatick\u00fdch moment\u016f. <strong style=\"font-weight: bold;\">Po nap\u00ednav\u00e9 bitv\u011b se HC Tatra Kop\u0159ivnice radovala z v\u00edt\u011bzstv\u00ed 4:3!<\/strong> Toto v\u00edt\u011bzstv\u00ed bylo pro t\u00fdm i fanou\u0161ky velk\u00fdm povzbuzen\u00edm.<\/p>\n<h3>V\u00fdjezd na led HC Poruba (20. \u0159\u00edjna 2018)<\/h3>\n<p>Z\u00e1pas v Porub\u011b se uk\u00e1zal jako velmi n\u00e1ro\u010dn\u00fd. Dom\u00e1c\u00ed t\u00fdm byl dob\u0159e p\u0159ipraven\u00fd a nedal host\u016fm \u017e\u00e1dnou \u0161anci. <strong style=\"font-weight: bold;\">HC Tatra Kop\u0159ivnice prohr\u00e1la 5:2<\/strong>, ale i v tomto z\u00e1pase se na\u0161li hr\u00e1\u010di, kte\u0159\u00ed p\u0159edvedli dobr\u00fd v\u00fdkon.<\/p>\n<h3>Z\u00e1v\u011bre\u010dn\u00fd z\u00e1pas m\u011bs\u00edce proti HC Dukla Jihlava (27. \u0159\u00edjna 2018)<\/h3>\n<p>Posledn\u00ed z\u00e1pas v \u0159\u00edjnu p\u0159iv\u00edtal HC Tatra Kop\u0159ivnice na dom\u00e1c\u00edm led\u011b HC Duklu Jihlava. Z\u00e1pas byl velmi takticky veden\u00fd a oba t\u00fdmy se sna\u017eily minimalizovat chyby. <strong style=\"font-weight: bold;\">Rem\u00edza 2:2<\/strong> znamenala pro Kop\u0159ivnici zisk cenn\u00e9ho bodu.<\/p>\n<h2>Hodnocen\u00ed celkov\u00e9ho v\u00fdkonu v \u0159\u00edjnu<\/h2>\n<p>\u0158\u00edjen 2018 byl pro HC Tatra Kop\u0159ivnice sm\u00ed\u0161en\u00fd. T\u00fdm se pot\u00fdkal s r\u016fzn\u00fdmi probl\u00e9my, ale uk\u00e1zal, \u017ee m\u00e1 potenci\u00e1l bojovat o lep\u0161\u00ed pozice v tabulce. D\u016fle\u017eit\u00e9 bude nad\u00e1le pracovat na zlep\u0161en\u00ed t\u00fdmov\u00e9 spolupr\u00e1ce a individu\u00e1ln\u00edch dovednost\u00ed hr\u00e1\u010d\u016f. Fanou\u0161ci mohou o\u010dek\u00e1vat, \u017ee se t\u00fdm bude v n\u00e1sleduj\u00edc\u00edch z\u00e1pasech je\u0161t\u011b v\u00edce zlep\u0161ovat a p\u0159in\u00e1\u0161et jim radost ze hry.<\/p>\n<p>Sledujte n\u00e1\u0161 web hcismm.cz pro dal\u0161\u00ed informace a novinky o HC Tatra Kop\u0159ivnice!<\/p>\n","protected":false},"excerpt":{"rendered":"<p>\u0158\u00edjen 2018 byl pro hokejov\u00fd klub HC Tatra Kop\u0159ivnice nabit\u00fd z\u00e1pasy a emocemi. Poj\u010fme se spole\u010dn\u011b pod\u00edvat na to, jak se t\u00fdmu da\u0159ilo v tomto kl\u00ed\u010dov\u00e9m m\u011bs\u00edci sez\u00f3ny a co p\u0159inesly jednotliv\u00e9 duely. \u0158\u00edjen v rychl\u00e9m sledu: P\u0159ehled z\u00e1pas\u016f Hokejist\u00e9 HC Tatra Kop\u0159ivnice se v \u0159\u00edjnu 2018 postavili n\u011bkolika n\u00e1ro\u010dn\u00fdm soupe\u0159\u016fm. C\u00edlem bylo nejen sb\u00edrat &#8230; <a title=\"Bitva o body! Jak HC Tatra Kop\u0159ivnice bojovala v \u0159\u00edjnu 2018\" class=\"read-more\" href=\"https:\/\/hcismm.cz\/index.php\/2018-31\/10-2\/12-2\/\" aria-label=\"Read more about Bitva o body! Jak HC Tatra Kop\u0159ivnice bojovala v \u0159\u00edjnu 2018\">Read more<\/a><\/p>\n","protected":false},"author":2,"featured_media":0,"parent":956,"menu_order":0,"comment_status":"closed","ping_status":"closed","template":"","meta":{"footnotes":""},"class_list":["post-959","page","type-page","status-publish"],"_links":{"self":[{"href":"https:\/\/hcismm.cz\/index.php\/wp-json\/wp\/v2\/pages\/959","targetHints":{"allow":["GET"]}}],"collection":[{"href":"https:\/\/hcismm.cz\/index.php\/wp-json\/wp\/v2\/pages"}],"about":[{"href":"https:\/\/hcismm.cz\/index.php\/wp-json\/wp\/v2\/types\/page"}],"author":[{"embeddable":true,"href":"https:\/\/hcismm.cz\/index.php\/wp-json\/wp\/v2\/users\/2"}],"replies":[{"embeddable":true,"href":"https:\/\/hcismm.cz\/index.php\/wp-json\/wp\/v2\/comments?post=959"}],"version-history":[{"count":0,"href":"https:\/\/hcismm.cz\/index.php\/wp-json\/wp\/v2\/pages\/959\/revisions"}],"up":[{"embeddable":true,"href":"https:\/\/hcismm.cz\/index.php\/wp-json\/wp\/v2\/pages\/956"}],"wp:attachment":[{"href":"https:\/\/hcismm.cz\/index.php\/wp-json\/wp\/v2\/media?parent=959"}],"curies":[{"name":"wp","href":"https:\/\/api.w.org\/{rel}","templated":true}]}}