{"id":986,"date":"2026-05-09T22:21:12","date_gmt":"2026-05-09T22:21:12","guid":{"rendered":"https:\/\/hcismm.cz\/index.php\/2022-9\/08-2\/30-2\/"},"modified":"2026-05-09T22:21:12","modified_gmt":"2026-05-09T22:21:12","slug":"30-2","status":"publish","type":"page","link":"https:\/\/hcismm.cz\/index.php\/2022-9\/08-2\/30-2\/","title":{"rendered":"Posledn\u00ed posily a ambice: HC Tatra Kop\u0159ivnice vst\u0159\u00edc nov\u00e9 sez\u00f3n\u011b!"},"content":{"rendered":"<p>Hokejov\u00fd klub HC Tatra Kop\u0159ivnice se s velk\u00fdm \u00fasil\u00edm p\u0159ipravuje na novou sez\u00f3nu. V posledn\u00edch dnech do\u0161lo k n\u011bkolika d\u016fle\u017eit\u00fdm posil\u00e1m a veden\u00ed klubu odhalilo ambice pro nadch\u00e1zej\u00edc\u00ed sout\u011b\u017en\u00ed ro\u010dn\u00edk. Poj\u010fme se pod\u00edvat na to nejd\u016fle\u017eit\u011bj\u0161\u00ed z d\u011bn\u00ed v kop\u0159ivnick\u00e9m hokeji k 30. srpnu 2022.<\/p>\n<h2>Posily v sestav\u011b<\/h2>\n<p>Kop\u0159ivnick\u00fd t\u00fdm se m\u016f\u017ee pochlubit hned n\u011bkolika nov\u00fdmi tv\u00e1\u0159emi. Z\u00e1sadn\u00ed posilou je \u00fato\u010dn\u00edk Jan Nov\u00e1k, kter\u00fd p\u0159ich\u00e1z\u00ed z konkuren\u010dn\u00edho t\u00fdmu z Fr\u00fddku-M\u00edstku. Jeho zku\u0161enosti a st\u0159eleck\u00e9 schopnosti by m\u011bly v\u00fdrazn\u011b pos\u00edlit \u00fato\u010dnou s\u00edlu Tatry. D\u00e1le se do t\u00fdmu vrac\u00ed po ro\u010dn\u00ed pauze obr\u00e1nce Petr Svoboda, kter\u00fd je odchovancem klubu a fanou\u0161ci ho jist\u011b dob\u0159e znaj\u00ed.  <strong>Posledn\u00ed akvizic\u00ed je g\u00f3lman Tom\u00e1\u0161 Vesel\u00fd<\/strong>, kter\u00fd m\u00e1 vytvo\u0159it zdravou konkurenci st\u00e1vaj\u00edc\u00ed brank\u00e1\u0159sk\u00e9 jedni\u010dce.<\/p>\n<h2>P\u0159\u00edpravn\u00e9 z\u00e1pasy a forma t\u00fdmu<\/h2>\n<p>Kop\u0159ivnice odehr\u00e1la v r\u00e1mci letn\u00ed p\u0159\u00edpravy n\u011bkolik p\u0159\u00e1telsk\u00fdch z\u00e1pas\u016f. V\u00fdsledky jsou povzbudiv\u00e9, i kdy\u017e tren\u00e9rsk\u00fd t\u00fdm zd\u016fraz\u0148uje, \u017ee se st\u00e1le pracuje na sehranosti t\u00fdmu a taktice. V posledn\u00edm z\u00e1pase porazili HC Tatra Kop\u0159ivnice t\u00fdm z Vset\u00edna pom\u011brem 3:2, co\u017e je slibn\u00fd sign\u00e1l p\u0159ed startem sez\u00f3ny. <strong>Kl\u00ed\u010dov\u00ed hr\u00e1\u010di, jako kapit\u00e1n David Proch\u00e1zka, jsou v dobr\u00e9 form\u011b<\/strong> a p\u0159ipraveni t\u00e1hnout t\u00fdm k v\u00edt\u011bzstv\u00edm.<\/p>\n<h3>Zhodnocen\u00ed tren\u00e9ra<\/h3>\n<p>Tren\u00e9r Marek Dvo\u0159\u00e1k byl s p\u0159\u00edpravou spokojen. \u201cJsme sehran\u00fd t\u00fdm a v\u011b\u0159\u00edm, \u017ee se n\u00e1m poda\u0159\u00ed nav\u00e1zat na lo\u0148skou sez\u00f3nu. M\u00e1me kvalitn\u00ed k\u00e1dr a ambice jsou vysok\u00e9. Chceme bojovat o p\u0159edn\u00ed p\u0159\u00ed\u010dky v tabulce a pot\u011b\u0161it na\u0161e fanou\u0161ky.\u201d \u0159ekl pro klubov\u00fd web.<\/p>\n<h2>Ambice pro sez\u00f3nu 2022\/2023<\/h2>\n<p>Veden\u00ed HC Tatra Kop\u0159ivnice si dalo za c\u00edl postoupit do vy\u0161\u0161\u00ed sout\u011b\u017ee.  \u201cChceme b\u00fdt konkurenceschopn\u00ed a bojovat o ka\u017ed\u00fd bod.  Na\u0161e ambice jsou re\u00e1ln\u00e9, ale z\u00e1rove\u0148 si uv\u011bdomujeme, \u017ee to bude t\u011b\u017ek\u00e1 pr\u00e1ce,\u201d prohl\u00e1sil p\u0159edseda klubu Jan \u0160m\u00edd.  Krom\u011b sportovn\u00edch c\u00edl\u016f se klub zam\u011b\u0159uje i na rozvoj hokeje v regionu a podporu ml\u00e1de\u017ee.  <strong>Klub se chyst\u00e1 uspo\u0159\u00e1dat n\u011bkolik akc\u00ed pro fanou\u0161ky<\/strong>, aby se s t\u00fdmem mohli l\u00e9pe sbl\u00ed\u017eit.<\/p>\n<p>Fanou\u0161ci HC Tatra Kop\u0159ivnice se tak mohou t\u011b\u0161it na vzru\u0161uj\u00edc\u00ed hokejovou sez\u00f3nu plnou emoc\u00ed a boj\u016f. S posilami v sestav\u011b a jasn\u011b stanoven\u00fdmi ambicemi m\u00e1 kop\u0159ivnick\u00fd t\u00fdm v\u0161echny p\u0159edpoklady k \u00fasp\u011bchu.<\/p>\n","protected":false},"excerpt":{"rendered":"<p>Hokejov\u00fd klub HC Tatra Kop\u0159ivnice se s velk\u00fdm \u00fasil\u00edm p\u0159ipravuje na novou sez\u00f3nu. V posledn\u00edch dnech do\u0161lo k n\u011bkolika d\u016fle\u017eit\u00fdm posil\u00e1m a veden\u00ed klubu odhalilo ambice pro nadch\u00e1zej\u00edc\u00ed sout\u011b\u017en\u00ed ro\u010dn\u00edk. Poj\u010fme se pod\u00edvat na to nejd\u016fle\u017eit\u011bj\u0161\u00ed z d\u011bn\u00ed v kop\u0159ivnick\u00e9m hokeji k 30. srpnu 2022. Posily v sestav\u011b Kop\u0159ivnick\u00fd t\u00fdm se m\u016f\u017ee pochlubit hned n\u011bkolika &#8230; <a title=\"Posledn\u00ed posily a ambice: HC Tatra Kop\u0159ivnice vst\u0159\u00edc nov\u00e9 sez\u00f3n\u011b!\" class=\"read-more\" href=\"https:\/\/hcismm.cz\/index.php\/2022-9\/08-2\/30-2\/\" aria-label=\"Read more about Posledn\u00ed posily a ambice: HC Tatra Kop\u0159ivnice vst\u0159\u00edc nov\u00e9 sez\u00f3n\u011b!\">Read more<\/a><\/p>\n","protected":false},"author":2,"featured_media":0,"parent":983,"menu_order":0,"comment_status":"closed","ping_status":"closed","template":"","meta":{"footnotes":""},"class_list":["post-986","page","type-page","status-publish"],"_links":{"self":[{"href":"https:\/\/hcismm.cz\/index.php\/wp-json\/wp\/v2\/pages\/986","targetHints":{"allow":["GET"]}}],"collection":[{"href":"https:\/\/hcismm.cz\/index.php\/wp-json\/wp\/v2\/pages"}],"about":[{"href":"https:\/\/hcismm.cz\/index.php\/wp-json\/wp\/v2\/types\/page"}],"author":[{"embeddable":true,"href":"https:\/\/hcismm.cz\/index.php\/wp-json\/wp\/v2\/users\/2"}],"replies":[{"embeddable":true,"href":"https:\/\/hcismm.cz\/index.php\/wp-json\/wp\/v2\/comments?post=986"}],"version-history":[{"count":0,"href":"https:\/\/hcismm.cz\/index.php\/wp-json\/wp\/v2\/pages\/986\/revisions"}],"up":[{"embeddable":true,"href":"https:\/\/hcismm.cz\/index.php\/wp-json\/wp\/v2\/pages\/983"}],"wp:attachment":[{"href":"https:\/\/hcismm.cz\/index.php\/wp-json\/wp\/v2\/media?parent=986"}],"curies":[{"name":"wp","href":"https:\/\/api.w.org\/{rel}","templated":true}]}}