{"id":995,"date":"2026-05-09T22:26:12","date_gmt":"2026-05-09T22:26:12","guid":{"rendered":"https:\/\/hcismm.cz\/index.php\/2024-7\/05-2\/10-2\/"},"modified":"2026-05-09T22:26:12","modified_gmt":"2026-05-09T22:26:12","slug":"10-2","status":"publish","type":"page","link":"https:\/\/hcismm.cz\/index.php\/2024-7\/05-2\/10-2\/","title":{"rendered":"HC Tatra Kop\u0159ivnice: Posledn\u00ed novinky a pohled do z\u00e1kulis\u00ed z 10. kv\u011btna 2024!"},"content":{"rendered":"<p>Fanou\u0161ci hokeje, poj\u010fme se spole\u010dn\u011b pod\u00edvat na nejnov\u011bj\u0161\u00ed d\u011bn\u00ed kolem HC Tatra Kop\u0159ivnice. P\u0159in\u00e1\u0161\u00edme v\u00e1m aktu\u00e1ln\u00ed informace, zaj\u00edmavosti a pohled do z\u00e1kulis\u00ed na\u0161eho t\u00fdmu ze dne 10. kv\u011btna 2024.<\/p>\n<h2>P\u0159\u00edprava na novou sez\u00f3nu v pln\u00e9m proudu<\/h2>\n<p>I kdy\u017e je sez\u00f3na u\u017e za n\u00e1mi, v HC Tatra Kop\u0159ivnice se pracuje na pln\u00e9 obr\u00e1tky. Veden\u00ed klubu se intenzivn\u011b v\u011bnuje p\u0159\u00edprav\u011b na novou sez\u00f3nu, a to jak v oblasti posilov\u00e1n\u00ed k\u00e1dru, tak i v organizaci p\u0159edsez\u00f3nn\u00ed p\u0159\u00edpravy.  **D\u016fraz je kladen na pos\u00edlen\u00ed \u00fato\u010dn\u00e9 linie a zlep\u0161en\u00ed brank\u00e1\u0159sk\u00e9ho postu.**<\/p>\n<h3>Nov\u011b podepsan\u00ed hr\u00e1\u010di<\/h3>\n<p>S radost\u00ed oznamujeme podeps\u00e1n\u00ed dvou nov\u00fdch hr\u00e1\u010d\u016f do na\u0161eho t\u00fdmu. Obr\u00e1nce Jan Nov\u00e1k, kter\u00fd p\u0159ich\u00e1z\u00ed z t\u00fdmu z Vyso\u010diny, a \u00fato\u010dn\u00edk Petr Svoboda, kter\u00fd pos\u00edlil na\u0161i \u00fato\u010dnou s\u00edlu po p\u016fsoben\u00ed v zahrani\u010d\u00ed. Oba hr\u00e1\u010di ji\u017e tr\u00e9nuj\u00ed s t\u00fdmem a zapojuj\u00ed se do p\u0159\u00edpravn\u00fdch aktivit.<\/p>\n<h2>Aktu\u00e1ln\u00ed informace z tr\u00e9ninkov\u00e9ho procesu<\/h2>\n<p>Hr\u00e1\u010di HC Tatra Kop\u0159ivnice se p\u0159ipravuj\u00ed na novou sez\u00f3nu pod veden\u00edm zku\u0161en\u00e9ho tren\u00e9ra Josefa Dvo\u0159\u00e1ka. Tr\u00e9ninkov\u00fd proces je zam\u011b\u0159en na zlep\u0161en\u00ed fyzick\u00e9 kondice, taktick\u00e9 p\u0159ipravenosti a t\u00fdmov\u00e9 spolupr\u00e1ce. **Krom\u011b ledov\u00e9ho tr\u00e9ninku se hr\u00e1\u010di v\u011bnuj\u00ed i posilov\u00e1n\u00ed v posilovn\u011b a b\u011bh\u00e1n\u00ed v p\u0159\u00edrod\u011b.**<\/p>\n<h3>Pl\u00e1novan\u00e9 p\u0159\u00edpravn\u00e9 z\u00e1pasy<\/h3>\n<p>HC Tatra Kop\u0159ivnice m\u00e1 v pl\u00e1nu odehr\u00e1t n\u011bkolik p\u0159\u00edpravn\u00fdch z\u00e1pas\u016f, kter\u00e9 maj\u00ed poslou\u017eit jako d\u016fle\u017eit\u00e1 prov\u011brka formy p\u0159ed startem nov\u00e9 sez\u00f3ny. Z\u00e1pasy se uskute\u010dn\u00ed v term\u00ednech:<\/p>\n<ul>\n<li>18. kv\u011btna: HC Tatra Kop\u0159ivnice &#8211; HC Fr\u00fddek-M\u00edstek<\/li>\n<li>25. kv\u011btna: HC Tatra Kop\u0159ivnice &#8211; HC Poruba<\/li>\n<li>1. \u010dervna: HC Tatra Kop\u0159ivnice &#8211; Dukla Tren\u010d\u00edn (Slovensko)<\/li>\n<\/ul>\n<h2>Fanou\u0161kovsk\u00e1 akce se bl\u00ed\u017e\u00ed<\/h2>\n<p>Pro na\u0161e v\u011brn\u00e9 fanou\u0161ky p\u0159ipravujeme speci\u00e1ln\u00ed fanou\u0161kovskou akci, kter\u00e1 se uskute\u010dn\u00ed v sobotu 18. kv\u011btna v are\u00e1lu kop\u0159ivnick\u00e9ho hokejov\u00e9ho stadionu.  Bude se jednat o setk\u00e1n\u00ed s hr\u00e1\u010di, autogrami\u00e1du a dal\u0161\u00ed doprovodn\u00fd program. **V\u00edce informac\u00ed o akci najdete na na\u0161ich soci\u00e1ln\u00edch s\u00edt\u00edch a webov\u00fdch str\u00e1nk\u00e1ch.**<\/p>\n<p>Sledujte n\u00e1s na webu hcismm.cz a na soci\u00e1ln\u00edch s\u00edt\u00edch, abyste nezme\u0161kali \u017e\u00e1dn\u00e9 novinky a mohli b\u00fdt v obraze o v\u0161em, co se d\u011bje kolem HC Tatra Kop\u0159ivnice!<\/p>\n","protected":false},"excerpt":{"rendered":"<p>Fanou\u0161ci hokeje, poj\u010fme se spole\u010dn\u011b pod\u00edvat na nejnov\u011bj\u0161\u00ed d\u011bn\u00ed kolem HC Tatra Kop\u0159ivnice. P\u0159in\u00e1\u0161\u00edme v\u00e1m aktu\u00e1ln\u00ed informace, zaj\u00edmavosti a pohled do z\u00e1kulis\u00ed na\u0161eho t\u00fdmu ze dne 10. kv\u011btna 2024. P\u0159\u00edprava na novou sez\u00f3nu v pln\u00e9m proudu I kdy\u017e je sez\u00f3na u\u017e za n\u00e1mi, v HC Tatra Kop\u0159ivnice se pracuje na pln\u00e9 obr\u00e1tky. Veden\u00ed klubu se &#8230; <a title=\"HC Tatra Kop\u0159ivnice: Posledn\u00ed novinky a pohled do z\u00e1kulis\u00ed z 10. kv\u011btna 2024!\" class=\"read-more\" href=\"https:\/\/hcismm.cz\/index.php\/2024-7\/05-2\/10-2\/\" aria-label=\"Read more about HC Tatra Kop\u0159ivnice: Posledn\u00ed novinky a pohled do z\u00e1kulis\u00ed z 10. kv\u011btna 2024!\">Read more<\/a><\/p>\n","protected":false},"author":2,"featured_media":0,"parent":992,"menu_order":0,"comment_status":"closed","ping_status":"closed","template":"","meta":{"footnotes":""},"class_list":["post-995","page","type-page","status-publish"],"_links":{"self":[{"href":"https:\/\/hcismm.cz\/index.php\/wp-json\/wp\/v2\/pages\/995","targetHints":{"allow":["GET"]}}],"collection":[{"href":"https:\/\/hcismm.cz\/index.php\/wp-json\/wp\/v2\/pages"}],"about":[{"href":"https:\/\/hcismm.cz\/index.php\/wp-json\/wp\/v2\/types\/page"}],"author":[{"embeddable":true,"href":"https:\/\/hcismm.cz\/index.php\/wp-json\/wp\/v2\/users\/2"}],"replies":[{"embeddable":true,"href":"https:\/\/hcismm.cz\/index.php\/wp-json\/wp\/v2\/comments?post=995"}],"version-history":[{"count":0,"href":"https:\/\/hcismm.cz\/index.php\/wp-json\/wp\/v2\/pages\/995\/revisions"}],"up":[{"embeddable":true,"href":"https:\/\/hcismm.cz\/index.php\/wp-json\/wp\/v2\/pages\/992"}],"wp:attachment":[{"href":"https:\/\/hcismm.cz\/index.php\/wp-json\/wp\/v2\/media?parent=995"}],"curies":[{"name":"wp","href":"https:\/\/api.w.org\/{rel}","templated":true}]}}